{"id":1037,"date":"2018-07-01T23:05:06","date_gmt":"2018-07-02T04:05:06","guid":{"rendered":"http:\/\/thongthienhocvn.theosophical.org\/?page_id=1037"},"modified":"2025-08-26T14:32:24","modified_gmt":"2025-08-26T19:32:24","slug":"nghe-sach-t-t-h-mp3","status":"publish","type":"page","link":"https:\/\/www.thongthienhocvn.theosophical.org\/?page_id=1037","title":{"rendered":"Nghe s\u00e1ch T.T.H (MP3)"},"content":{"rendered":"<p>1\/. <a href=\"http:\/\/thongthienhocvn.theosophical.org\/wp-content\/uploads\/2015\/10\/D.C.T.mp3\" target=\"_blank\" rel=\"noopener noreferrer\">D\u01b0\u1edbi Ch\u00e2n Th\u1ea7y\u00a0\u00a0\u00a0<\/a><a href=\"http:\/\/thongthienhocvn.theosophical.org\/wp-content\/uploads\/2015\/10\/Track.1.mp3\" target=\"_blank\" rel=\"noopener noreferrer\">T.1\u00a0<\/a>&#8211; <a href=\"https:\/\/thongthienhocvn.theosophical.org\/wp-content\/uploads\/2015\/10\/Track.2.mp3\" target=\"_blank\" rel=\"noopener noreferrer\">T.2<\/a>&#8211;\u00a0<a href=\"https:\/\/thongthienhocvn.theosophical.org\/wp-content\/uploads\/2015\/10\/Track.3.mp3\" target=\"_blank\" rel=\"noopener noreferrer\">T.3<\/a>\u00a0&#8211; <a href=\"http:\/\/thongthienhocvn.theosophical.org\/wp-content\/uploads\/2015\/10\/Track.4.mp3\" target=\"_blank\" rel=\"noopener noreferrer\">T.4\u00a0<\/a>&#8211;\u00a0<a href=\"http:\/\/thongthienhocvn.theosophical.org\/wp-content\/uploads\/2015\/10\/Track.5.mp3\" target=\"_blank\" rel=\"noopener noreferrer\">T.5\u00a0<\/a>&#8211; <a href=\"http:\/\/thongthienhocvn.theosophical.org\/wp-content\/uploads\/2015\/10\/Track.6.mp3\" target=\"_blank\" rel=\"noopener noreferrer\">T.6<\/a><\/p>\n<p>2\/ <a href=\"http:\/\/thongthienhocvn.theosophical.org\/wp-content\/uploads\/2015\/10\/\u00c1nh-S\u00e1ng-Tr\u00ean-\u0110\u01b0\u1eddng-\u0110\u1ea1o.mp3\" target=\"_blank\" rel=\"noopener noreferrer\">\u00c1nh S\u00e1ng tr\u00ean \u0111\u01b0\u1eddng \u0110\u1ea1o\u00a0\u00a0\u00a0\u00a0\u00a0<\/a><a href=\"http:\/\/thongthienhocvn.theosophical.org\/wp-content\/uploads\/2015\/10\/Track-A-1.mp3\" target=\"_blank\" rel=\"noopener noreferrer\">T.1\u00a0<\/a>&#8211;\u00a0<a href=\"http:\/\/thongthienhocvn.theosophical.org\/wp-content\/uploads\/2015\/10\/Track-A-2.mp3\" target=\"_blank\" rel=\"noopener noreferrer\">T.2\u00a0<\/a>&#8211;\u00a0<a href=\"http:\/\/thongthienhocvn.theosophical.org\/wp-content\/uploads\/2015\/10\/Track-A-3.mp3\" target=\"_blank\" rel=\"noopener noreferrer\">T.3<\/a><\/p>\n<p>3\/. <span style=\"color: #800000;\">Ti\u1ebfng\u00a0 V\u00f4 Thinh<\/span> <a href=\"https:\/\/thongthienhocvn.theosophical.org\/wp-content\/uploads\/2020\/07\/TVT-CD.1.m4a\" target=\"_blank\" rel=\"noopener noreferrer\">CD.1<\/a> &#8211; <a href=\"https:\/\/thongthienhocvn.theosophical.org\/wp-content\/uploads\/2020\/07\/TVT-CD.2.m4a\" target=\"_blank\" rel=\"noopener noreferrer\">CD.2<\/a> &#8211; <a href=\"https:\/\/thongthienhocvn.theosophical.org\/wp-content\/uploads\/2020\/07\/TVT-CD.3.m4a\" target=\"_blank\" rel=\"noopener noreferrer\">CD.3<\/a><\/p>\n<p>4\/.<span style=\"color: #800000;\"> \u0110\u1eddi s\u1ed1ng tinh th\u1ea7n<\/span><\/p>\n<p><a href=\"https:\/\/thongthienhocvn.theosophical.org\/wp-content\/uploads\/2020\/09\/CD.1.m4a.mp3\" target=\"_blank\" rel=\"noopener noreferrer\">CD.1<\/a>\/.\u00a0<a href=\"http:\/\/thongthienhocvn.theosophical.org\/wp-content\/uploads\/2016\/07\/DOI-CD-1-1.mp3\" target=\"_blank\" rel=\"noopener noreferrer\">T.1\u00a0<\/a>&#8211; <a href=\"http:\/\/thongthienhocvn.theosophical.org\/wp-content\/uploads\/2016\/07\/DOI-CD-1-2.mp3\" target=\"_blank\" rel=\"noopener noreferrer\">T.2\u00a0<\/a>&#8211; <a href=\"http:\/\/thongthienhocvn.theosophical.org\/wp-content\/uploads\/2016\/07\/DOI-CD-1-3.mp3\" target=\"_blank\" rel=\"noopener noreferrer\">T.3<\/a> &#8211; <a href=\"http:\/\/thongthienhocvn.theosophical.org\/wp-content\/uploads\/2016\/07\/DOI-CD-1-4.mp3\" target=\"_blank\" rel=\"noopener noreferrer\">T.4<\/a> &#8211;<a href=\"http:\/\/thongthienhocvn.theosophical.org\/wp-content\/uploads\/2016\/07\/DOI-CD-1-5.mp3\" target=\"_blank\" rel=\"noopener noreferrer\"> T.5<\/a> &#8211; <a href=\"http:\/\/thongthienhocvn.theosophical.org\/wp-content\/uploads\/2016\/07\/DOI-CD-1-6.mp3\" target=\"_blank\" rel=\"noopener noreferrer\">T.6<\/a> &#8211; <a href=\"http:\/\/thongthienhocvn.theosophical.org\/wp-content\/uploads\/2016\/07\/DOI-CD-1-7.mp3\" target=\"_blank\" rel=\"noopener noreferrer\">T.7<\/a><\/p>\n<p>CD.2\/.\u00a0 <a href=\"http:\/\/thongthienhocvn.theosophical.org\/wp-content\/uploads\/2016\/07\/DOI-CD-2-1.mp3\" target=\"_blank\" rel=\"noopener noreferrer\">T.1<\/a> &#8211; <a href=\"http:\/\/thongthienhocvn.theosophical.org\/wp-content\/uploads\/2016\/07\/DOI-CD-2-2.mp3\" target=\"_blank\" rel=\"noopener noreferrer\">T.2<\/a> &#8211; <a href=\"http:\/\/thongthienhocvn.theosophical.org\/wp-content\/uploads\/2016\/07\/DOI-CD-2-3.mp3\" target=\"_blank\" rel=\"noopener noreferrer\">T.3<\/a> &#8211; <a href=\"http:\/\/thongthienhocvn.theosophical.org\/wp-content\/uploads\/2016\/07\/DOI-CD-2-4.mp3\" target=\"_blank\" rel=\"noopener noreferrer\">T.4<\/a> &#8211; <a href=\"http:\/\/thongthienhocvn.theosophical.org\/wp-content\/uploads\/2016\/07\/DOI-CD-2-5.mp3\" target=\"_blank\" rel=\"noopener noreferrer\">T.5<\/a><\/p>\n<p>CD.3\/.\u00a0 <a href=\"http:\/\/thongthienhocvn.theosophical.org\/wp-content\/uploads\/2016\/07\/DOI-CD-3-1.mp3\" target=\"_blank\" rel=\"noopener noreferrer\">T.1<\/a> &#8211; <a href=\"http:\/\/thongthienhocvn.theosophical.org\/wp-content\/uploads\/2016\/07\/DOI-CD-3-2.mp3\" target=\"_blank\" rel=\"noopener noreferrer\">T.2<\/a> &#8211; <a href=\"http:\/\/thongthienhocvn.theosophical.org\/wp-content\/uploads\/2016\/07\/DOI-CD-3-3.mp3\" target=\"_blank\" rel=\"noopener noreferrer\">T.3 &#8211;<\/a> <a href=\"https:\/\/thongthienhocvn.theosophical.org\/wp-content\/uploads\/2016\/07\/DOI-CD-3-4.mp3\" target=\"_blank\" rel=\"noopener noreferrer\">T.4<\/a> &#8211; <a href=\"http:\/\/thongthienhocvn.theosophical.org\/wp-content\/uploads\/2016\/07\/DOI-CD-3-5.mp3\" target=\"_blank\" rel=\"noopener noreferrer\">T.5<\/a> &#8211; <a href=\"https:\/\/thongthienhocvn.theosophical.org\/wp-content\/uploads\/2020\/12\/DOI-CD-3-6.mp3\" target=\"_blank\" rel=\"noopener noreferrer\">T.6<\/a><\/p>\n<p>CD.4\/.\u00a0<a href=\"http:\/\/thongthienhocvn.theosophical.org\/wp-content\/uploads\/2016\/07\/DOI-CD-4-1.mp3\" target=\"_blank\" rel=\"noopener noreferrer\">T.1<\/a> &#8211; <a href=\"http:\/\/thongthienhocvn.theosophical.org\/wp-content\/uploads\/2016\/07\/DOI-CD-4-2.mp3\" target=\"_blank\" rel=\"noopener noreferrer\">T.2<\/a> &#8211; <a href=\"http:\/\/thongthienhocvn.theosophical.org\/wp-content\/uploads\/2016\/07\/DOI-CD-4-3.mp3\" target=\"_blank\" rel=\"noopener noreferrer\">T.3<\/a> &#8211; <a href=\"http:\/\/thongthienhocvn.theosophical.org\/wp-content\/uploads\/2016\/07\/DOI-CD-4-4.mp3\" target=\"_blank\" rel=\"noopener noreferrer\">T.4<\/a> &#8211; <a href=\"http:\/\/thongthienhocvn.theosophical.org\/wp-content\/uploads\/2016\/07\/DOI-CD-4-5.mp3\" target=\"_blank\" rel=\"noopener noreferrer\">T.5<\/a> &#8211; <a href=\"http:\/\/thongthienhocvn.theosophical.org\/wp-content\/uploads\/2016\/07\/DOI-CD-4-6.mp3\" target=\"_blank\" rel=\"noopener noreferrer\">T.6<\/a><\/p>\n<p>CD.5\/.\u00a0\u00a0<a href=\"http:\/\/thongthienhocvn.theosophical.org\/wp-content\/uploads\/2016\/07\/DOI-CD-5-1.mp3\" target=\"_blank\" rel=\"noopener noreferrer\">T.1<\/a> &#8211; <a href=\"http:\/\/thongthienhocvn.theosophical.org\/wp-content\/uploads\/2016\/07\/DOI-CD-5-2.mp3\" target=\"_blank\" rel=\"noopener noreferrer\">T.2<\/a> &#8211; <a href=\"http:\/\/thongthienhocvn.theosophical.org\/wp-content\/uploads\/2016\/07\/DOI-CD-5-3.mp3\" target=\"_blank\" rel=\"noopener noreferrer\">T.3<\/a><\/p>\n<p>5\/. <span style=\"color: #800000;\">H\u00e0nh tr\u00ecnh c\u1ee7a m\u1ed9t Linh H\u1ed3n<\/span>\u00a0 <a href=\"http:\/\/thongthienhocvn.theosophical.org\/wp-content\/uploads\/2016\/07\/HANH-CD-1-1.mp3\" target=\"_blank\" rel=\"noopener noreferrer\">CD.1\u00a0<\/a>&#8211; <a href=\"http:\/\/thongthienhocvn.theosophical.org\/wp-content\/uploads\/2016\/07\/HANH-CD-1-2.mp3\" target=\"_blank\" rel=\"noopener noreferrer\">CD.2\u00a0<\/a>&#8211; <a href=\"http:\/\/thongthienhocvn.theosophical.org\/wp-content\/uploads\/2016\/07\/HANH-CD-2-1.mp3\" target=\"_blank\" rel=\"noopener noreferrer\">CD.3\u00a0<\/a>&#8211; <a href=\"http:\/\/thongthienhocvn.theosophical.org\/wp-content\/uploads\/2016\/07\/HANH-CD-2-2.mp3\" target=\"_blank\" rel=\"noopener noreferrer\">CD.4\u00a0<\/a>&#8211; <a href=\"http:\/\/thongthienhocvn.theosophical.org\/wp-content\/uploads\/2016\/07\/HANH-CD-3-1.mp3\" target=\"_blank\" rel=\"noopener noreferrer\">CD.5<\/a><\/p>\n<p><a href=\"http:\/\/thongthienhocvn.theosophical.org\/wp-content\/uploads\/2016\/07\/HANH-CD-3-2.mp3\" target=\"_blank\" rel=\"noopener noreferrer\">CD.6 <\/a>&#8211; <a href=\"http:\/\/thongthienhocvn.theosophical.org\/wp-content\/uploads\/2016\/07\/HANH-CD-4-1.mp3\" target=\"_blank\" rel=\"noopener noreferrer\">CD.7\u00a0<\/a>&#8211; <a href=\"http:\/\/thongthienhocvn.theosophical.org\/wp-content\/uploads\/2016\/07\/HANH-CD-4-2.mp3\" target=\"_blank\" rel=\"noopener noreferrer\">CD.8\u00a0<\/a>&#8211; <a href=\"http:\/\/thongthienhocvn.theosophical.org\/wp-content\/uploads\/2016\/07\/HANH-CD-5-1.mp3\" target=\"_blank\" rel=\"noopener noreferrer\">CD.9<\/a> &#8211; <a href=\"http:\/\/thongthienhocvn.theosophical.org\/wp-content\/uploads\/2016\/07\/HANH-CD-5-2.mp3\" target=\"_blank\" rel=\"noopener noreferrer\">CD.10\u00a0<\/a>&#8211; <a href=\"http:\/\/thongthienhocvn.theosophical.org\/wp-content\/uploads\/2016\/07\/HANH-CD-6-1.mp3\" target=\"_blank\" rel=\"noopener noreferrer\">CD.11\u00a0<\/a>&#8211; <a href=\"http:\/\/thongthienhocvn.theosophical.org\/wp-content\/uploads\/2016\/07\/HANH-CD-6-2.mp3\" target=\"_blank\" rel=\"noopener noreferrer\">CD.12<\/a><\/p>\n<p>6\/. <span style=\"color: #800000;\">Ch\u00e2n s\u01b0 v\u00e0 Th\u00e1nh \u0110\u1ea1o\u00a0<\/span> \u00a0\u00a0<a href=\"http:\/\/thongthienhocvn.theosophical.org\/wp-content\/uploads\/2018\/02\/CD.-1.m4a\" target=\"_blank\" rel=\"noopener noreferrer\">CD.1 &#8211;\u00a0<\/a><a href=\"http:\/\/thongthienhocvn.theosophical.org\/wp-content\/uploads\/2017\/12\/CD.-2.mp3\" target=\"_blank\" rel=\"noopener noreferrer\">CD.2 &#8211;<\/a>\u00a0<a href=\"http:\/\/thongthienhocvn.theosophical.org\/wp-content\/uploads\/2017\/11\/ch\u01b0\u01a1ng-3.mp3\" target=\"_blank\" rel=\"noopener noreferrer\">CD.3\u00a0<\/a>&#8211;\u00a0<a href=\"http:\/\/thongthienhocvn.theosophical.org\/wp-content\/uploads\/2018\/01\/CD.-4.m4a\" target=\"_blank\" rel=\"noopener noreferrer\">CD.4 &#8211;<\/a>\u00a0<a href=\"http:\/\/thongthienhocvn.theosophical.org\/wp-content\/uploads\/2018\/01\/CD.5.m4a\" target=\"_blank\" rel=\"noopener noreferrer\">CD.5<\/a><\/p>\n<p><a href=\"http:\/\/thongthienhocvn.theosophical.org\/wp-content\/uploads\/2018\/01\/CD.6.m4a\" target=\"_blank\" rel=\"noopener noreferrer\">CD.6 &#8211;<\/a>\u00a0<a href=\"http:\/\/thongthienhocvn.theosophical.org\/wp-content\/uploads\/2018\/05\/CD.7.m4a\" target=\"_blank\" rel=\"noopener noreferrer\">CD.7 &#8211;<\/a>\u00a0<a href=\"http:\/\/thongthienhocvn.theosophical.org\/wp-content\/uploads\/2018\/04\/CD.8.m4a\" target=\"_blank\" rel=\"noopener noreferrer\">CD.8 &#8211;<\/a>\u00a0<a href=\"http:\/\/thongthienhocvn.theosophical.org\/wp-content\/uploads\/2018\/08\/CD.9.m4a\" target=\"_blank\" rel=\"noopener noreferrer\">CD.9<\/a> &#8211; <a href=\"http:\/\/thongthienhocvn.theosophical.org\/wp-content\/uploads\/2018\/09\/CD10.m4a\" target=\"_blank\" rel=\"noopener noreferrer\">CD.10<\/a> &#8211; <a href=\"http:\/\/thongthienhocvn.theosophical.org\/wp-content\/uploads\/2018\/10\/CD.11.m4a\" target=\"_blank\" rel=\"noopener noreferrer\">CD.11<\/a> &#8211; <a href=\"http:\/\/thongthienhocvn.theosophical.org\/wp-content\/uploads\/2018\/10\/CD.12.m4a\" target=\"_blank\" rel=\"noopener noreferrer\">CD.12<\/a> &#8211; <a href=\"http:\/\/thongthienhocvn.theosophical.org\/wp-content\/uploads\/2018\/10\/CD.13.m4a\" target=\"_blank\" rel=\"noopener noreferrer\">CD.13<\/a><\/p>\n<p>7\/.<span style=\"color: #993300;\"> H\u1ed3i k\u00fd H. S. Olscot<\/span><\/p>\n<p><span style=\"color: #993300;\"><a href=\"https:\/\/thongthienhocvn.theosophical.org\/wp-content\/uploads\/2020\/09\/CD.1.m4a.mp3\" target=\"_blank\" rel=\"noopener noreferrer\">CD1<\/a>:<\/span> <a href=\"https:\/\/thongthienhocvn.theosophical.org\/wp-content\/uploads\/2020\/09\/CD1.T1.m4a.mp3\" target=\"_blank\" rel=\"noopener noreferrer\">T.1<\/a> &#8211; <a href=\"https:\/\/thongthienhocvn.theosophical.org\/wp-content\/uploads\/2020\/09\/HSO-CD1.T2.m4a.mp3\" target=\"_blank\" rel=\"noopener noreferrer\">T.2<\/a> &#8211;\u00a0 <a href=\"https:\/\/thongthienhocvn.theosophical.org\/wp-content\/uploads\/2020\/09\/HOS-CD1.T3.m4a.mp3\" target=\"_blank\" rel=\"noopener noreferrer\">T.3<\/a> &#8211; <a href=\"https:\/\/thongthienhocvn.theosophical.org\/wp-content\/uploads\/2020\/09\/HSO-CD1.T4.m4a.mp3\" target=\"_blank\" rel=\"noopener noreferrer\">T.4<\/a> &#8211; <a href=\"https:\/\/thongthienhocvn.theosophical.org\/wp-content\/uploads\/2020\/09\/HSO-CD1.T5.m4a.mp3\" target=\"_blank\" rel=\"noopener noreferrer\">T.5<\/a> &#8211; <a href=\"https:\/\/thongthienhocvn.theosophical.org\/wp-content\/uploads\/2020\/09\/HSO-CD1.T6.m4a.mp3\" target=\"_blank\" rel=\"noopener noreferrer\">T.6<\/a> &#8211; <a href=\"https:\/\/thongthienhocvn.theosophical.org\/wp-content\/uploads\/2020\/09\/HSO-CD1.T7.m4a.mp3\" target=\"_blank\" rel=\"noopener noreferrer\">T.7<\/a><\/p>\n<p><span style=\"color: #993300;\">CD2:<\/span> <a href=\"https:\/\/thongthienhocvn.theosophical.org\/wp-content\/uploads\/2020\/09\/HSO-CD2-T.1.m4a.mp3\" target=\"_blank\" rel=\"noopener noreferrer\">T.1<\/a> &#8211; <a href=\"https:\/\/thongthienhocvn.theosophical.org\/wp-content\/uploads\/2020\/09\/HSO-CD2-T.2.m4a.mp3\" target=\"_blank\" rel=\"noopener noreferrer\">T.2<\/a> &#8211; <a href=\"https:\/\/thongthienhocvn.theosophical.org\/wp-content\/uploads\/2020\/09\/HSO-CD2-T.3.m4a.mp3\" target=\"_blank\" rel=\"noopener noreferrer\">T.3<\/a> &#8211; <a href=\"https:\/\/thongthienhocvn.theosophical.org\/wp-content\/uploads\/2020\/09\/HSO-CD2-T.4.m4a.mp3\" target=\"_blank\" rel=\"noopener noreferrer\">T4<\/a> &#8211; T.5\u00a0<\/p>\n<p>\u0110\u1eddi s\u1ed1ng n\u1ed9i t\u00e2m (Quy\u1ec3n 1)<\/p>\n<p>Ch\u01b0\u01a1ng I<\/p>\n<p>\u00a0<a href=\"https:\/\/thongthienhocvn.theosophical.org\/wp-content\/uploads\/2022\/11\/DSNT.-CD.1.m4a\">CD.1<\/a> &#8211;<a href=\"https:\/\/thongthienhocvn.theosophical.org\/wp-content\/uploads\/2022\/12\/DSNT.CD_.2.m4a\"> CD.2<\/a> &#8211; <a href=\"https:\/\/thongthienhocvn.theosophical.org\/wp-content\/uploads\/2023\/01\/DSNT.CD_.3.m4a\">CD.3<\/a> &#8211;<a href=\"https:\/\/thongthienhocvn.theosophical.org\/wp-content\/uploads\/2023\/01\/DSNT.CD_.4.m4a\"> CD.4<\/a> &#8211; <a href=\"https:\/\/thongthienhocvn.theosophical.org\/wp-content\/uploads\/2023\/06\/DSNT.CD_.5.m4a\" target=\"_blank\" rel=\"noopener\">CD.5\u00a0<\/a><\/p>\n<p>CH\u01af\u01a0NG II<\/p>\n<p><a href=\"https:\/\/www.thongthienhocvn.theosophical.org\/wp-content\/uploads\/2025\/08\/DSNT.2-CD.1.m4a\">CD.1<\/a>&#8211; <a href=\"https:\/\/www.thongthienhocvn.theosophical.org\/wp-content\/uploads\/2025\/08\/DSNT.2-CD.2.m4a\">CD.2<\/a>&#8211; <a href=\"https:\/\/www.thongthienhocvn.theosophical.org\/wp-content\/uploads\/2025\/08\/DSNT.2-CD.3.m4a\">CD.3<\/a><\/p>\n<p>Ch\u01b0\u01a1ng III<\/p>\n<p><a href=\"https:\/\/thongthienhocvn.theosophical.org\/wp-content\/uploads\/2023\/07\/DSNT.3-CD.1.m4a\" target=\"_blank\" rel=\"noopener\">CD.1<\/a> &#8211; <a href=\"https:\/\/thongthienhocvn.theosophical.org\/wp-content\/uploads\/2023\/07\/DSNT.3-CD.2.m4a\" target=\"_blank\" rel=\"noopener\">CD.2<\/a>&#8211; <a href=\"https:\/\/thongthienhocvn.theosophical.org\/wp-content\/uploads\/2023\/09\/DSNT.3-CD.3.m4a\">CD.3<\/a>&#8211; <a href=\"https:\/\/thongthienhocvn.theosophical.org\/wp-content\/uploads\/2023\/09\/DSNT.3-CD.4.m4a\">CD.4<\/a> &#8211; <a href=\"https:\/\/www.thongthienhocvn.theosophical.org\/wp-content\/uploads\/2023\/10\/DSNT.3-CD.5.m4a\">CD.5<\/a><\/p>\n<p>Ch\u01b0\u01a1ng IV<\/p>\n<p><a href=\"https:\/\/www.thongthienhocvn.theosophical.org\/wp-content\/uploads\/2025\/08\/DSNT.4.CD_.1.m4a\">CD.1<\/a>&#8211; <a href=\"https:\/\/www.thongthienhocvn.theosophical.org\/wp-content\/uploads\/2025\/08\/DSNT.4.CD2_.m4a\">CD-2<\/a><\/p>\n<p>Ch\u01b0\u01a1ng V<\/p>\n<p>CD.1- CD.2- CD.3- CD.4- CD-5<\/p>\n<p>\u0110\u1eddi s\u1ed1ng n\u1ed9i t\u00e2m ( Quy\u1ec3n 2)<\/p>\n<p>\u0110\u1eddi s\u1ed1ng n\u1ed9i t\u00e2m ( Quy\u1ec3n 3)<\/p>\n<p><a href=\"http:\/\/thongthienhocvn.theosophical.org\/wp-content\/uploads\/2019\/01\/L\u1ec5-Wesak-2018.m4a\" target=\"_blank\" rel=\"noopener noreferrer\">L\u1ec5 Wesak 2018<\/a><\/p>\n<p><a href=\"https:\/\/www.youtube.com\/watch?v=y4rpahjiGEs&amp;t=15s\">L\u1ec5 Wesak 2018 (video)<\/a><\/p>\n<p><a href=\"https:\/\/thongthienhocvn.theosophical.org\/wp-content\/uploads\/2020\/07\/L\u1ec5-Asala.m4a\">L\u1ec5 Asala 2020<\/a><\/p>\n<p>Tham thi\u1ec1n cho nh\u00e2n lo\u1ea1i<\/p>\n<p>Tham thi\u1ec1n v\u1ec1 s\u1ef1 h\u1ee3p nh\u1ea5t<\/p>\n<p>Tham thi\u1ec1n v\u1ec1 Th\u00e2n, V\u00eda, Tr\u00ed<\/p>\n<p>Tham thi\u1ec1n v\u1ec1 nh\u1eefng n\u1ea5c thang v\u00e0ng<\/p>\n\n\n<p><\/p>\n","protected":false},"excerpt":{"rendered":"<p>1\/. D\u01b0\u1edbi Ch\u00e2n Th\u1ea7y\u00a0\u00a0\u00a0T.1\u00a0&#8211; T.2&#8211;\u00a0T.3\u00a0&#8211; T.4\u00a0&#8211;\u00a0T.5\u00a0&#8211; T.6 2\/ \u00c1nh S\u00e1ng tr\u00ean \u0111\u01b0\u1eddng \u0110\u1ea1o\u00a0\u00a0\u00a0\u00a0\u00a0T.1\u00a0&#8211;\u00a0T.2\u00a0&#8211;\u00a0T.3 3\/. Ti\u1ebfng\u00a0 V\u00f4 Thinh CD.1 &#8211; CD.2 &#8211; CD.3 4\/. \u0110\u1eddi s\u1ed1ng tinh th\u1ea7n CD.1\/.\u00a0T.1\u00a0&#8211; T.2\u00a0&#8211; T.3 &#8211; T.4 &#8211; T.5 &#8211; T.6 &#8211; T.7 CD.2\/.\u00a0 T.1 &#8211; T.2 &#8211; T.3 &#8211; T.4 &#8211; T.5 CD.3\/.\u00a0 T.1 &#8211; T.2 &#8211; T.3 &#8211; &hellip; <a href=\"https:\/\/www.thongthienhocvn.theosophical.org\/?page_id=1037\" class=\"more-link\">Continue reading <span class=\"screen-reader-text\">Nghe s\u00e1ch T.T.H (MP3)<\/span> <span class=\"meta-nav\">&rarr;<\/span><\/a><\/p>\n","protected":false},"author":2,"featured_media":0,"parent":0,"menu_order":0,"comment_status":"closed","ping_status":"closed","template":"","meta":{"footnotes":""},"class_list":["post-1037","page","type-page","status-publish","hentry"],"_links":{"self":[{"href":"https:\/\/www.thongthienhocvn.theosophical.org\/index.php?rest_route=\/wp\/v2\/pages\/1037","targetHints":{"allow":["GET"]}}],"collection":[{"href":"https:\/\/www.thongthienhocvn.theosophical.org\/index.php?rest_route=\/wp\/v2\/pages"}],"about":[{"href":"https:\/\/www.thongthienhocvn.theosophical.org\/index.php?rest_route=\/wp\/v2\/types\/page"}],"author":[{"embeddable":true,"href":"https:\/\/www.thongthienhocvn.theosophical.org\/index.php?rest_route=\/wp\/v2\/users\/2"}],"replies":[{"embeddable":true,"href":"https:\/\/www.thongthienhocvn.theosophical.org\/index.php?rest_route=%2Fwp%2Fv2%2Fcomments&post=1037"}],"version-history":[{"count":137,"href":"https:\/\/www.thongthienhocvn.theosophical.org\/index.php?rest_route=\/wp\/v2\/pages\/1037\/revisions"}],"predecessor-version":[{"id":1642,"href":"https:\/\/www.thongthienhocvn.theosophical.org\/index.php?rest_route=\/wp\/v2\/pages\/1037\/revisions\/1642"}],"wp:attachment":[{"href":"https:\/\/www.thongthienhocvn.theosophical.org\/index.php?rest_route=%2Fwp%2Fv2%2Fmedia&parent=1037"}],"curies":[{"name":"wp","href":"https:\/\/api.w.org\/{rel}","templated":true}]}}