{"id":1170,"date":"2018-12-22T11:42:55","date_gmt":"2018-12-22T17:42:55","guid":{"rendered":"http:\/\/thongthienhocvn.theosophical.org\/?page_id=1170"},"modified":"2020-01-01T19:51:55","modified_gmt":"2020-01-02T01:51:55","slug":"2019-2","status":"publish","type":"page","link":"https:\/\/www.thongthienhocvn.theosophical.org\/?page_id=1170","title":{"rendered":"2019"},"content":{"rendered":"\n<p>Xin m\u1eddi click v\u00e0o link d\u01b0\u1edbi \u0111\u00e2y \u0111\u1ec3 theo d\u1ecfi c\u00e1c bu\u1ed5i h\u1ecdc t\u1ea1i chi b\u1ed9<\/p>\n\n\n\n<p>Ph\u1ee5ng S\u1ef1 Ch\u00e2n L\u00fd n\u0103m 2019:<\/p>\n\n\n\n<p><a rel=\"noreferrer noopener\" aria-label=\"Bu\u1ed5i h\u1ecdc th\u00e1ng 1-2019 (M\u1ee5c \u0111\u00edch 1 c\u1ee7a H\u1ed9i Th\u00f4ng Thi\u00ean H\u1ecdc) (opens in a new tab)\" href=\"https:\/\/www.youtube.com\/watch?v=vpGYIf3dwT4&amp;feature=youtu.be\" target=\"_blank\">Bu\u1ed5i h\u1ecdc th\u00e1ng 1-2019 (M\u1ee5c \u0111\u00edch 1 c\u1ee7a H\u1ed9i Th\u00f4ng Thi\u00ean H\u1ecdc)<\/a><\/p>\n\n\n\n<p><a href=\"https:\/\/www.youtube.com\/watch?v=wuYJcjPNEvw&amp;feature=youtu.be\"> Bu\u1ed5i h\u1ecdc th\u00e1ng 2-2019 (H\u1ea1nh Khoan <\/a><a href=\"https:\/\/www.youtube.com\/watch?v=wuYJcjPNEvw&amp;feature=youtu.be\" target=\"_blank\" rel=\"noreferrer noopener\" aria-label=\"dung  (opens in a new tab)\">dung <\/a><a href=\"https:\/\/www.youtube.com\/watch?v=wuYJcjPNEvw&amp;feature=youtu.be\">v\u00e0 vui v\u1ebb).<\/a><\/p>\n\n\n\n<p><a href=\"https:\/\/www.youtube.com\/watch?v=pEw_cXLqXc4&amp;feature=youtu.be\" target=\"_blank\" rel=\"noreferrer noopener\" aria-label=\" Bu\u1ed5i h\u1ecdc th\u00e1ng 3-2019 (s\u1ef1 ch\u1ebft v\u00e0 sau khi ch\u1ebft) (opens in a new tab)\"> Bu\u1ed5i h\u1ecdc th\u00e1ng 3-2019 (s\u1ef1 ch\u1ebft v\u00e0 sau khi ch\u1ebft)<\/a><\/p>\n\n\n\n<p><a href=\"https:\/\/www.youtube.com\/watch?v=uz_hhNUuX7E&amp;feature=youtu.be\" target=\"_blank\" rel=\"noreferrer noopener\" aria-label=\" Bu\u1ed5i h\u1ecdc th\u00e1ng 4-2019 ( H\u1ed3n Kh\u00f3m) (opens in a new tab)\"> Bu\u1ed5i h\u1ecdc th\u00e1ng 4-2019 ( H\u1ed3n Kh\u00f3m)<\/a><\/p>\n\n\n\n<p><a href=\"https:\/\/www.youtube.com\/watch?v=Ih2vrprk7JA&amp;feature=youtu.be\" target=\"_blank\" rel=\"noreferrer noopener\" aria-label=\" Bu\u1ed5i h\u1ecdc th\u00e1ng 5-2019 ( \u0110\u1eddi s\u1ed1ng tinh th\u1ea7n trong cu\u1ed9c s\u1ed1ng h\u1eb1ng ng\u00e0y) (opens in a new tab)\"> Bu\u1ed5i h\u1ecdc th\u00e1ng 5-2019 ( \u0110\u1eddi s\u1ed1ng tinh th\u1ea7n trong cu\u1ed9c s\u1ed1ng h\u1eb1ng ng\u00e0y)<\/a><\/p>\n\n\n\n<p> <a href=\"https:\/\/www.youtube.com\/watch?v=G6sFYU4aFS8&amp;feature=youtu.be\" target=\"_blank\" rel=\"noreferrer noopener\" aria-label=\"Bu\u1ed5i h\u1ecdc th\u00e1ng 6-2019 ( \u0103n chay) (opens in a new tab)\">Bu\u1ed5i h\u1ecdc th\u00e1ng 6-2019 ( \u0103n chay)<\/a><\/p>\n\n\n\n<p> <a href=\"https:\/\/www.youtube.com\/watch?v=aKUqakEdGq4&amp;feature=youtu.be\" target=\"_blank\" rel=\"noreferrer noopener\" aria-label=\"Bu\u1ed5i h\u1ecdc th\u00e1ng 7-2019 (Nh\u1eefng n\u1ea5c thang v\u00e0ng) (opens in a new tab)\">Bu\u1ed5i h\u1ecdc th\u00e1ng 7-2019 (Nh\u1eefng n\u1ea5c thang v\u00e0ng)<\/a><\/p>\n\n\n\n<p> <a href=\"https:\/\/www.youtube.com\/watch?v=C7An1gQpWN4&amp;feature=youtu.be\" target=\"_blank\" rel=\"noreferrer noopener\" aria-label=\" (opens in a new tab)\">Bu\u1ed5i h\u1ecdc th\u00e1ng 8-2019 (Sinh m\u1ea1ng tuy\u1ebfn r\u00fat lui)<\/a><\/p>\n\n\n\n<p> <a href=\"https:\/\/www.youtube.com\/watch?v=y7H8JNF9wXY&amp;feature=youtu.be\" target=\"_blank\" rel=\"noreferrer noopener\" aria-label=\"Bu\u1ed5i h\u1ecdc th\u00e1ng 9-2019  (Nh\u1eefng t\u1ea7ng l\u1edbp c\u00f5i Trung gi\u1edbi) (opens in a new tab)\">Bu\u1ed5i h\u1ecdc th\u00e1ng 9-2019  (Nh\u1eefng t\u1ea7ng l\u1edbp c\u00f5i Trung gi\u1edbi)<\/a><\/p>\n\n\n\n<p> <a href=\"https:\/\/www.youtube.com\/watch?v=QUsXjMRV0wA&amp;feature=youtu.be\" target=\"_blank\" rel=\"noreferrer noopener\" aria-label=\"Bu\u1ed5i h\u1ecdc th\u00e1ng 10-2019 ( T\u00ecm Ch\u00e2n L\u00fd) (opens in a new tab)\">Bu\u1ed5i h\u1ecdc th\u00e1ng 10-2019 ( T\u00ecm Ch\u00e2n L\u00fd)<\/a><\/p>\n\n\n\n<p><a href=\"https:\/\/www.youtube.com\/watch?v=TV4sdS5Ilhc&amp;feature=youtu.be\" target=\"_blank\" rel=\"noreferrer noopener\" aria-label=\" Bu\u1ed5i h\u1ecdc th\u00e1ng 11-2019 (Gi\u1ea5c ng\u0169 b\u00ecnh an) (opens in a new tab)\"> Bu\u1ed5i h\u1ecdc th\u00e1ng 11-2019 (Gi\u1ea5c ng\u0169 b\u00ecnh an)<\/a><\/p>\n\n\n\n<p><a href=\"https:\/\/www.youtube.com\/watch?v=YYZZ-172e8c&amp;feature=youtu.be\" target=\"_blank\" rel=\"noreferrer noopener\" aria-label=\" Bu\u1ed5i h\u1ecdc th\u00e1ng 12-2019 ( Lu\u00e2n xa d\u01b0\u1edbi \u0111\u00e1y x\u01b0\u01a1ng s\u1ed1ng) (opens in a new tab)\"> Bu\u1ed5i h\u1ecdc th\u00e1ng 12-2019 ( Lu\u00e2n xa d\u01b0\u1edbi \u0111\u00e1y x\u01b0\u01a1ng s\u1ed1ng)<\/a><\/p>\n\n\n\n<p>Tr\u1ef1c thu\u1ed9c H\u1ed9i Th\u00f4ng Thi\u00ean H\u1ecdc Hoa K\u1ef3 &amp; Th\u1ebf Gi\u1edbi<\/p>\n\n\n\n<p>Nonprofit Organization, CCN# 3579136<\/p>\n\n\n\n<p>Chi B\u1ed9&nbsp;<strong>PH\u1ee4NG S\u1ef0 CH\u00c2N L\u00dd<\/strong><\/p>\n\n\n\n<p>Th\u00e2n m\u1ebfn,<br>Hi\u1ec7p T\u00f4<br>Tel: 714-462-1696<br>Web1:&nbsp;<a rel=\"noreferrer noopener\" href=\"http:\/\/www.theosophical.org\/\" target=\"_blank\">http:\/\/www.theosophical.org<\/a><br>Web2:&nbsp;<a rel=\"noreferrer noopener\" href=\"http:\/\/thongthienhocvn.theosophical.org\/\" target=\"_blank\">http:\/\/thongthienhocvn.theosophical.org<\/a><br>facebook:<a rel=\"noreferrer noopener\" href=\"https:\/\/www.facebook.com\/pages\/Minh-Tri%E1%BA%BFt-Thi%C3%AAng-Li%C3%AAng\/349113478558436?ref=profile\" target=\"_blank\">&nbsp;Minh Triet Thieng Lieng<\/a><\/p>\n","protected":false},"excerpt":{"rendered":"<p>Xin m\u1eddi click v\u00e0o link d\u01b0\u1edbi \u0111\u00e2y \u0111\u1ec3 theo d\u1ecfi c\u00e1c bu\u1ed5i h\u1ecdc t\u1ea1i chi b\u1ed9 Ph\u1ee5ng S\u1ef1 Ch\u00e2n L\u00fd n\u0103m 2019: Bu\u1ed5i h\u1ecdc th\u00e1ng 1-2019 (M\u1ee5c \u0111\u00edch 1 c\u1ee7a H\u1ed9i Th\u00f4ng Thi\u00ean H\u1ecdc) Bu\u1ed5i h\u1ecdc th\u00e1ng 2-2019 (H\u1ea1nh Khoan dung v\u00e0 vui v\u1ebb). Bu\u1ed5i h\u1ecdc th\u00e1ng 3-2019 (s\u1ef1 ch\u1ebft v\u00e0 sau khi ch\u1ebft) Bu\u1ed5i &hellip; <a href=\"https:\/\/www.thongthienhocvn.theosophical.org\/?page_id=1170\" class=\"more-link\">Continue reading <span class=\"screen-reader-text\">2019<\/span> <span class=\"meta-nav\">&rarr;<\/span><\/a><\/p>\n","protected":false},"author":2,"featured_media":0,"parent":0,"menu_order":0,"comment_status":"closed","ping_status":"closed","template":"","meta":{"footnotes":""},"class_list":["post-1170","page","type-page","status-publish","hentry"],"_links":{"self":[{"href":"https:\/\/www.thongthienhocvn.theosophical.org\/index.php?rest_route=\/wp\/v2\/pages\/1170","targetHints":{"allow":["GET"]}}],"collection":[{"href":"https:\/\/www.thongthienhocvn.theosophical.org\/index.php?rest_route=\/wp\/v2\/pages"}],"about":[{"href":"https:\/\/www.thongthienhocvn.theosophical.org\/index.php?rest_route=\/wp\/v2\/types\/page"}],"author":[{"embeddable":true,"href":"https:\/\/www.thongthienhocvn.theosophical.org\/index.php?rest_route=\/wp\/v2\/users\/2"}],"replies":[{"embeddable":true,"href":"https:\/\/www.thongthienhocvn.theosophical.org\/index.php?rest_route=%2Fwp%2Fv2%2Fcomments&post=1170"}],"version-history":[{"count":23,"href":"https:\/\/www.thongthienhocvn.theosophical.org\/index.php?rest_route=\/wp\/v2\/pages\/1170\/revisions"}],"predecessor-version":[{"id":1291,"href":"https:\/\/www.thongthienhocvn.theosophical.org\/index.php?rest_route=\/wp\/v2\/pages\/1170\/revisions\/1291"}],"wp:attachment":[{"href":"https:\/\/www.thongthienhocvn.theosophical.org\/index.php?rest_route=%2Fwp%2Fv2%2Fmedia&parent=1170"}],"curies":[{"name":"wp","href":"https:\/\/api.w.org\/{rel}","templated":true}]}}