{"id":14,"date":"2013-10-27T12:55:36","date_gmt":"2013-10-27T17:55:36","guid":{"rendered":"http:\/\/thongthienhoctx.theosophical.org\/?page_id=14"},"modified":"2025-09-13T13:19:19","modified_gmt":"2025-09-13T18:19:19","slug":"cac-quyen-sach-tren-mang","status":"publish","type":"page","link":"https:\/\/www.thongthienhocvn.theosophical.org\/?page_id=14","title":{"rendered":"S\u00e1ch \u0111\u1ec3 tham kh\u1ea3o"},"content":{"rendered":"<p><strong>\u00a0\u00a0\u00a0\u00a0\u00a0 S\u00e1ch \u0111\u1ec3 tham kh\u1ea3o:<\/strong><\/p>\n<ol>\n<li><a title=\"D\u01b0\u1edbi Ch\u00e2n Th\u1ea7y\" href=\"http:\/\/thongthienhocvn.theosophical.org\/wp-content\/uploads\/2013\/10\/D.C.T.BOOK_.pdf\" target=\"_blank\" rel=\"noopener noreferrer\">D\u01b0\u1edbi Ch\u00e2n Th\u1ea7y<\/a><\/li>\n<li><a href=\"http:\/\/thongthienhocvn.theosophical.org\/wp-content\/uploads\/2016\/03\/Minh-Tri\u1ebft-Thi\u00eang-Li\u00eang.pdf\" target=\"_blank\" rel=\"noopener noreferrer\">Minh Tri\u1ebft Thi\u00eang Li\u00eang ( b\u00e0i h\u1ecdc kh\u1edfi \u0111\u1ea7u).<\/a><\/li>\n<li><a title=\"GLDCT1\" href=\"http:\/\/thongthienhocvn.theosophical.org\/wp-content\/uploads\/2013\/10\/GLDCT-1.pdf\" target=\"_blank\" rel=\"noopener noreferrer\">Gi\u1ea3ng l\u00fd d\u01b0\u1edbi ch\u00e2n Th\u1ea7y.1<\/a><\/li>\n<li><a title=\"GLDCT2\" href=\"http:\/\/thongthienhocvn.theosophical.org\/wp-content\/uploads\/2013\/10\/GLDCT-2.pdf\" target=\"_blank\" rel=\"noopener noreferrer\">Gi\u1ea3ng l\u00fd d\u01b0\u1edbi ch\u00e2n Th\u1ea7y.2<\/a><\/li>\n<li><a title=\"Ch\u00e2n s\u01b0 v\u00e0 th\u00e1nh \u0111\u1ea1o.\" href=\"http:\/\/thongthienhocvn.theosophical.org\/wp-content\/uploads\/2013\/12\/Ch\u00e2n-S\u01b0-v\u00e0-Th\u00e1nh-\u0110\u1ea1o.pdf\" target=\"_blank\" rel=\"noopener noreferrer\">Ch\u00e2n S\u01b0 v\u00e0 Th\u00e1nh \u0110\u1ea1o.<\/a><\/li>\n<li><a title=\"C.T.H\" href=\"http:\/\/thongthienhocvn.theosophical.org\/wp-content\/uploads\/2013\/12\/C.T.H.ORG_.pdf\" target=\"_blank\" rel=\"noopener noreferrer\">C\u00e1ch tu h\u00e0nh<\/a><\/li>\n<li><a title=\"TTHKL\" href=\"http:\/\/thongthienhocvn.theosophical.org\/wp-content\/uploads\/2013\/10\/T.T.H.K.L.2010.pdf\" target=\"_blank\" rel=\"noopener noreferrer\">Th\u00f4ng Thi\u00ean H\u1ecdc kh\u00e1i l\u01b0\u1ee3c.<\/a><\/li>\n<li><a href=\"http:\/\/thongthienhocvn.theosophical.org\/wp-content\/uploads\/2014\/06\/QUYEN-NANG-TU-TUONG.pdf\" target=\"_blank\" rel=\"noopener noreferrer\">Quy\u1ec1n N\u0103ng T\u01b0 T\u01b0\u1ee1ng.<\/a><\/li>\n<li><a title=\"\u0110\u1eddi s\u1ed1ng huy\u1ec1n b\u00ed c\u1ee7a con ng\u01b0\u1eddi\" href=\"http:\/\/thongthienhocvn.theosophical.org\/wp-content\/uploads\/2013\/10\/D.S.H.B.C.C.N.pdf\" target=\"_blank\" rel=\"noopener noreferrer\">\u0110\u1eddi S\u1ed1ng Huy\u1ec1n B\u00ed c\u1ee7a con ng\u01b0\u1eddi<\/a><\/li>\n<li><a title=\"Ng\u01b0\u1eddi ph\u1ee5ng s\u1ef1\" href=\"http:\/\/thongthienhocvn.theosophical.org\/wp-content\/uploads\/2013\/11\/N.P.S.BOOK_.pdf\" target=\"_blank\" rel=\"noopener noreferrer\">Ng\u01b0\u1eddi Ph\u1ee5ng S\u1ef1\u00a0<\/a><\/li>\n<li><a title=\"Con \u0111\u01b0\u1eddng c\u1ee7a ng\u01b0\u1eddi \u0111\u1ec7 t\u1eed\" href=\"http:\/\/thongthienhocvn.theosophical.org\/wp-content\/uploads\/2013\/10\/C.D.C.N.D.T..pdf\" target=\"_blank\" rel=\"noopener noreferrer\">Con \u0111\u01b0\u1eddng c\u1ee7a ng\u01b0\u1eddi \u0111\u1ec7 t\u1eed<\/a><\/li>\n<li><a title=\"B\u00ed quy\u1ebft nh\u00e2n sinh\" href=\"http:\/\/thongthienhocvn.theosophical.org\/wp-content\/uploads\/2013\/10\/BQNS..pdf\" target=\"_blank\" rel=\"noopener noreferrer\">B\u00ed quy\u1ebft c\u1ee7a\u00a0 nh\u00e2n sinh\u00a0<\/a><\/li>\n<li><a title=\"CTG\" href=\"http:\/\/thongthienhocvn.theosophical.org\/wp-content\/uploads\/2013\/10\/C\u00f5i-Trung-Gioi.pdf\" target=\"_blank\" rel=\"noopener noreferrer\">C\u00f5i Trung gi\u1edbi<\/a><\/li>\n<li><a title=\"CTCP\" href=\"http:\/\/thongthienhocvn.theosophical.org\/wp-content\/uploads\/2013\/10\/Coi-Troi-Ch\u00e2n-Phuc.pdf\" target=\"_blank\" rel=\"noopener noreferrer\">C\u00f5i tr\u1eddi ch\u00e2n ph\u00fac<\/a><\/li>\n<li><a title=\"\u00c1NH s\u00e1ng tr\u00ean \u0111\u01b0\u1eddng \u0111\u1ea1o\" href=\"http:\/\/thongthienhocvn.theosophical.org\/wp-content\/uploads\/2013\/12\/A.S.T.D.D-new.pdf\" target=\"_blank\" rel=\"noopener noreferrer\">\u00c1nh S\u00e1ng tr\u00ean \u0111\u01b0\u1eddng \u0111\u1ea1o<\/a><\/li>\n<li><a href=\"http:\/\/thongthienhocvn.theosophical.org\/wp-content\/uploads\/2019\/05\/TIENG-VO-THINH-FINALa.pdf\" target=\"_blank\" rel=\"noopener noreferrer\">Ti\u1ebfng n\u00f3i v\u00f4 thinh.<\/a><\/li>\n<li><a href=\"http:\/\/thongthienhocvn.theosophical.org\/wp-content\/uploads\/2015\/11\/Gi\u1ea3ng-L\u00fd-TVT-I.pdf\" target=\"_blank\" rel=\"noopener noreferrer\">Gi\u1ea3ng l\u00fd ti\u1ebfng n\u00f3i v\u00f4 thinh.1<\/a><\/li>\n<li><a href=\"http:\/\/thongthienhocvn.theosophical.org\/wp-content\/uploads\/2015\/11\/Gi\u1ea3ng-L\u00fd-TVT-II.pdf\" target=\"_blank\" rel=\"noopener noreferrer\">Gi\u1ea3ng l\u00fd ti\u1ebfng n\u00f3i v\u00f4 thinh.2<\/a><\/li>\n<li><a title=\"C.K.TTH1\" href=\"http:\/\/thongthienhocvn.theosophical.org\/wp-content\/uploads\/2013\/12\/C.K.T.T.H.1.pdf\" target=\"_blank\" rel=\"noopener noreferrer\">Ch\u00eca kh\u00f3a Th\u00f4ng Thi\u00ean H\u1ecdc.1<\/a><\/li>\n<li><a title=\"CKTTH2\" href=\"http:\/\/thongthienhocvn.theosophical.org\/wp-content\/uploads\/2013\/12\/C.K.T.T.H.2.pdf\" target=\"_blank\" rel=\"noopener noreferrer\">Ch\u00eca kh\u00f3a Th\u00f4ng Thi\u00ean H\u1ecdc.2<\/a><\/li>\n<li><a title=\"MTCT1\" href=\"http:\/\/thongthienhocvn.theosophical.org\/wp-content\/uploads\/2013\/10\/Minh-Tri\u1ebft-C-T-1.pdf\" target=\"_blank\" rel=\"noopener noreferrer\">Minh Tri\u1ebft c\u1ed7 truy\u1ec1n.1<\/a><\/li>\n<li><a title=\"MTCT2\" href=\"http:\/\/thongthienhocvn.theosophical.org\/wp-content\/uploads\/2013\/10\/Minh-Tri\u1ebft-C-T-2.pdf\" target=\"_blank\" rel=\"noopener noreferrer\">Minh Tri\u1ebft c\u1ed7 truy\u1ec1n.2<\/a><\/li>\n<li><a title=\"TTTD\" href=\"http:\/\/thongthienhocvn.theosophical.org\/wp-content\/uploads\/2013\/10\/T.T.T.D.FINAL_.pdf\" target=\"_blank\" rel=\"noopener noreferrer\">Tr\u01b0\u1edbc th\u1ec1m th\u00e1nh \u0111i\u1ec7n.<\/a><\/li>\n<li><a title=\"HCTH\" href=\"http:\/\/thongthienhocvn.theosophical.org\/wp-content\/uploads\/2013\/10\/HOC-CO-TIEN-HOA.pdf\" target=\"_blank\" rel=\"noopener noreferrer\">H\u1ecdc c\u01a1 ti\u1ebfn h\u00f3a theo khoa Minh Tri\u1ebft Thi\u00eang Li\u00eang.<\/a><\/li>\n<li><a title=\"N.V.P.T.V.H\" href=\"http:\/\/thongthienhocvn.theosophical.org\/wp-content\/uploads\/2013\/10\/Nhung-vi-Cuu-Tro-Vo-Hinh.pdf\" target=\"_blank\" rel=\"noopener noreferrer\">Nh\u1eefng v\u1ecb ph\u00f2 tr\u1ee3 v\u00f4 h\u00ecnh<\/a><\/li>\n<li><a title=\"LH\" href=\"http:\/\/thongthienhocvn.theosophical.org\/wp-content\/uploads\/2013\/10\/L.H-WORK.pdf\" target=\"_blank\" rel=\"noopener noreferrer\">Lu\u00e2n H\u1ed3i<\/a><\/li>\n<li><a title=\"N.Q\" href=\"http:\/\/thongthienhocvn.theosophical.org\/wp-content\/uploads\/2013\/10\/N.Q.book_.pdf\" target=\"_blank\" rel=\"noopener noreferrer\">Nh\u00e2n qu\u1ea3.<\/a><\/li>\n<li><a title=\"N.T\" href=\"http:\/\/thongthienhocvn.theosophical.org\/wp-content\/uploads\/2013\/10\/Nhan-Thong-final.pdf\" target=\"_blank\" rel=\"noopener noreferrer\">Nh\u00e3n th\u00f4ng<\/a><\/li>\n<li><a title=\"MHTH\" href=\"http:\/\/thongthienhocvn.theosophical.org\/wp-content\/uploads\/2013\/10\/mhtt.pdf\" target=\"_blank\" rel=\"noopener noreferrer\">M\u1edbi h\u1ecdc tham thi\u1ec1n<\/a><\/li>\n<li><a title=\"T.G.N.G.T\" href=\"http:\/\/thongthienhocvn.theosophical.org\/wp-content\/uploads\/2013\/10\/TGNGT.pdf\" target=\"_blank\" rel=\"noopener noreferrer\">T\u1ef1 gi\u00e1c nhi gi\u00e1c tha.<\/a><\/li>\n<li><a href=\"http:\/\/thongthienhocvn.theosophical.org\/wp-content\/uploads\/2013\/10\/CUNG-AI-DAU-KHO-SUA-1.doc\" target=\"_blank\" rel=\"noopener noreferrer\">C\u00f9ng ai \u0111au kh\u1ed5<\/a><\/li>\n<li><a href=\"http:\/\/thongthienhocvn.theosophical.org\/wp-content\/uploads\/2014\/06\/\u0102n-chay-theo-.t.t.h.pdf\" target=\"_blank\" rel=\"noopener noreferrer\">T\u1ea1i sao ph\u1ea3i \u0103n chay.<\/a><\/li>\n<li><a href=\"http:\/\/thongthienhocvn.theosophical.org\/wp-content\/uploads\/2014\/06\/\u0110\u1edcI-S\u1ed0NG-TINH-TH\u1ea6N-8x11.pdf\" target=\"_blank\" rel=\"noopener noreferrer\">\u0110\u1eddi S\u1ed1ng Tinh Th\u1ea7n.<\/a><\/li>\n<li><a href=\"http:\/\/thongthienhocvn.theosophical.org\/wp-content\/uploads\/2014\/06\/CON-NGUOI-VA-CAC-THE-8X11.pdf\" target=\"_blank\" rel=\"noopener noreferrer\">Con Ng\u01b0\u1eddi v\u00e0 C\u00e1c Th\u1ec3.<\/a><\/li>\n<li><a href=\"https:\/\/thongthienhocvn.theosophical.org\/wp-content\/uploads\/2022\/11\/DOI-SONG-NT-Q1-Ready-PRINT.pdf\" target=\"_blank\" rel=\"noopener\">\u0110\u1eddi s\u1ed1ng n\u1ed9i t\u00e2m I<\/a><\/li>\n<li><a href=\"https:\/\/www.thongthienhocvn.theosophical.org\/wp-content\/uploads\/2025\/09\/DOI-SONG-NT-Q2.pdf\">\u0110\u1eddi s\u1ed1ng n\u1ed9i t\u00e2m II<\/a><\/li>\n<li><a href=\"https:\/\/www.thongthienhocvn.theosophical.org\/wp-content\/uploads\/2025\/09\/Doi-Song-Noi-Tam-3-Format.pdf\">\u0110\u1eddi s\u1ed1ng n\u1ed9i t\u00e2m III<\/a><\/li>\n<\/ol>\n<p>C\u00f2n r\u1ea5t nhi\u1ec1u quy\u1ec3n s\u00e1ch c\u1ee7a Th\u00f4ng Thi\u00ean H\u1ecdc \u0111\u01b0\u1ee3c d\u1ecbch l\u1ea1i ti\u1ebfng Vi\u1ec7t c\u00f3 \u1edf website <a href=\"http:\/\/www.phungsutheosophia.org\" target=\"_blank\" rel=\"noopener noreferrer\">www.phungsutheosophia.org<\/a> hay l\u00e0 <a title=\"Website c\u1ee7a nhusee@yahoo.com\" href=\"http:\/\/www.thongthienhoc.com\" target=\"_blank\" rel=\"noopener noreferrer\">www.thongthienhoc.com<\/a> for English readers: H.S. Olcott Library: <a href=\"http:\/\/www.theosophical.org\/library\" target=\"_blank\" rel=\"noopener noreferrer\">http:\/\/www.theosophical.org\/library<\/a><\/p>\n","protected":false},"excerpt":{"rendered":"<p>\u00a0\u00a0\u00a0\u00a0\u00a0 S\u00e1ch \u0111\u1ec3 tham kh\u1ea3o: D\u01b0\u1edbi Ch\u00e2n Th\u1ea7y Minh Tri\u1ebft Thi\u00eang Li\u00eang ( b\u00e0i h\u1ecdc kh\u1edfi \u0111\u1ea7u). Gi\u1ea3ng l\u00fd d\u01b0\u1edbi ch\u00e2n Th\u1ea7y.1 Gi\u1ea3ng l\u00fd d\u01b0\u1edbi ch\u00e2n Th\u1ea7y.2 Ch\u00e2n S\u01b0 v\u00e0 Th\u00e1nh \u0110\u1ea1o. C\u00e1ch tu h\u00e0nh Th\u00f4ng Thi\u00ean H\u1ecdc kh\u00e1i l\u01b0\u1ee3c. Quy\u1ec1n N\u0103ng T\u01b0 T\u01b0\u1ee1ng. \u0110\u1eddi S\u1ed1ng Huy\u1ec1n B\u00ed c\u1ee7a con ng\u01b0\u1eddi Ng\u01b0\u1eddi Ph\u1ee5ng S\u1ef1\u00a0 Con &hellip; <a href=\"https:\/\/www.thongthienhocvn.theosophical.org\/?page_id=14\" class=\"more-link\">Continue reading <span class=\"screen-reader-text\">S\u00e1ch \u0111\u1ec3 tham kh\u1ea3o<\/span> <span class=\"meta-nav\">&rarr;<\/span><\/a><\/p>\n","protected":false},"author":2,"featured_media":0,"parent":0,"menu_order":0,"comment_status":"closed","ping_status":"closed","template":"","meta":{"footnotes":""},"class_list":["post-14","page","type-page","status-publish","hentry"],"_links":{"self":[{"href":"https:\/\/www.thongthienhocvn.theosophical.org\/index.php?rest_route=\/wp\/v2\/pages\/14","targetHints":{"allow":["GET"]}}],"collection":[{"href":"https:\/\/www.thongthienhocvn.theosophical.org\/index.php?rest_route=\/wp\/v2\/pages"}],"about":[{"href":"https:\/\/www.thongthienhocvn.theosophical.org\/index.php?rest_route=\/wp\/v2\/types\/page"}],"author":[{"embeddable":true,"href":"https:\/\/www.thongthienhocvn.theosophical.org\/index.php?rest_route=\/wp\/v2\/users\/2"}],"replies":[{"embeddable":true,"href":"https:\/\/www.thongthienhocvn.theosophical.org\/index.php?rest_route=%2Fwp%2Fv2%2Fcomments&post=14"}],"version-history":[{"count":77,"href":"https:\/\/www.thongthienhocvn.theosophical.org\/index.php?rest_route=\/wp\/v2\/pages\/14\/revisions"}],"predecessor-version":[{"id":1651,"href":"https:\/\/www.thongthienhocvn.theosophical.org\/index.php?rest_route=\/wp\/v2\/pages\/14\/revisions\/1651"}],"wp:attachment":[{"href":"https:\/\/www.thongthienhocvn.theosophical.org\/index.php?rest_route=%2Fwp%2Fv2%2Fmedia&parent=14"}],"curies":[{"name":"wp","href":"https:\/\/api.w.org\/{rel}","templated":true}]}}