{"id":1469,"date":"2022-03-21T21:38:17","date_gmt":"2022-03-22T02:38:17","guid":{"rendered":"https:\/\/thongthienhocvn.theosophical.org\/?page_id=1469"},"modified":"2022-12-21T23:17:38","modified_gmt":"2022-12-22T05:17:38","slug":"2022-2","status":"publish","type":"page","link":"https:\/\/www.thongthienhocvn.theosophical.org\/?page_id=1469","title":{"rendered":"2022"},"content":{"rendered":"\n<p>Bu\u1ed5i h\u1ecdc th\u00e1ng Gi\u00eang.&nbsp;&nbsp;<\/p>\n\n\n\n<p><a rel=\"noreferrer noopener\" href=\"https:\/\/youtu.be\/vTOutheIQZI\" target=\"_blank\">L\u1ecbch s\u1eed H\u1ed9i Th\u00f4ng Thi\u00ean H\u1ecdc Vi\u1ec7t Nam<\/a> ( Houston)<\/p>\n\n\n\n<p>                                  <a rel=\"noreferrer noopener\" href=\"https:\/\/youtu.be\/0uiCtVzan-o\" target=\"_blank\">\u1ea2nh h\u01b0\u1edfng c\u1ee7a l\u1eddi n\u00f3i<\/a> (California)<\/p>\n\n\n\n<p>Bu\u1ed5i h\u1ecdc th\u00e1ng Hai.&nbsp; <\/p>\n\n\n\n<p><a rel=\"noreferrer noopener\" href=\"https:\/\/youtu.be\/o1pGF3_NDf4\" target=\"_blank\"><strong>C\u00f9ng ai \u0111au kh\u1ed5.<\/strong> Nh\u1eefng n\u1ed5i kh\u1ed5<\/a> ( Houston)<\/p>\n\n\n\n<p>                         <a rel=\"noreferrer noopener\" href=\"https:\/\/youtu.be\/QUV1CXDf1fk\" target=\"_blank\">C\u00f4ng vi\u1ec7c ph\u1ee5ng s\u1ef1 <\/a>( California)<\/p>\n\n\n\n<p>Bu\u1ed5i h\u1ecdc th\u00e1ng Ba.&nbsp;&nbsp;<\/p>\n\n\n\n<p>      <strong>C\u00f9ng ai \u0111au kh\u1ed5:<\/strong> <a rel=\"noreferrer noopener\" href=\"https:\/\/youtu.be\/9ulbhTRDuvw\" target=\"_blank\">Lu\u1eadt Ti\u1ebfn H\u00f3a- Lu\u1eadt Lu\u00e2n H\u1ed3i<\/a> ( Houston )<\/p>\n\n\n\n<p>                                          <a rel=\"noreferrer noopener\" href=\"https:\/\/youtu.be\/7UdfokYZl-s\" target=\"_blank\">\u0110i\u1ec3m \u0110\u1ea1o l\u1ea7n th\u1ee9 Nh\u1ea5t<\/a> ( California)<\/p>\n\n\n\n<p>Bu\u1ed5i h\u1ecdc th\u00e1ng T\u01b0.&nbsp;<\/p>\n\n\n\n<p><strong>C\u00f9ng Ai \u0110au Kh\u1ed5<\/strong>: <a href=\"https:\/\/youtu.be\/wMa9u7ADwIU\" target=\"_blank\" rel=\"noreferrer noopener\">Thi\u1ec7n, \u00e1c- Huynh \u0110\u1ec7 \u0110\u1ea1i \u0110\u1ed3ng- Lu\u1eadt Hy Sinh<\/a> (Houston)<\/p>\n\n\n\n<p>                                           <a rel=\"noreferrer noopener\" href=\"https:\/\/youtu.be\/e6fHAf-wk2k\" target=\"_blank\">Giai \u0111o\u1ea1n \u0111\u1ea7u tr\u00ean \u0111\u01b0\u1eddng \u0110\u1ea1o <\/a>( California)<\/p>\n\n\n\n<p>Bu\u1ed5i h\u1ecdc th\u00e1ng n\u0103m.&nbsp;<a rel=\"noreferrer noopener\" href=\"https:\/\/youtu.be\/jpo_caUAUsQ\" target=\"_blank\">&nbsp;<\/a>(Houston)<\/p>\n\n\n\n<p><strong>C\u00f9ng Ai \u0110au Kh\u1ed5<\/strong>: <a rel=\"noreferrer noopener\" href=\"https:\/\/youtu.be\/SBPXe_zZ2oo\" target=\"_blank\">Lu\u1eadt Nh\u00e2n Q\u1ee7a<\/a> (Houston)<\/p>\n\n\n\n<p><a href=\"https:\/\/youtu.be\/y4uhdUTxVi8\" target=\"_blank\" rel=\"noreferrer noopener\">Ngu\u1ed3n g\u1ed1c c\u1ee7a s\u1ef1 \u0111au kh\u1ed5 v\u00e0 l\u1ee3i \u00edch c\u1ee7a n\u00f3 <\/a>( Garden Grove)<\/p>\n\n\n\n<p>Bu\u1ed5i h\u1ecdc th\u00e1ng s\u00e1u:&nbsp;<a rel=\"noreferrer noopener\" href=\"https:\/\/www.youtube.com\/watch?v=nFxurE745rA&amp;ab_channel=Th%C3%B4ngThi%C3%AAnH%E1%BB%8DcVi%E1%BB%87tNamT%E1%BA%A1iHoaK%E1%BB%B3\" target=\"_blank\">&nbsp;<\/a><\/p>\n\n\n\n<p><a href=\"https:\/\/youtu.be\/0KeBF1PFKbI\" target=\"_blank\" rel=\"noreferrer noopener\">7 \u0111\u01b0\u1eddng ti\u1ebfn h\u00f3a si\u00eau nh\u00e2n lo\u1ea1i<\/a> ( Garden Grove)<\/p>\n\n\n\n<p>Bu\u1ed5i h\u1ecdc th\u00e1ng B\u1ea3y:&nbsp;&nbsp;<\/p>\n\n\n\n<p><a href=\"https:\/\/youtu.be\/zSGtREPQh_0\" data-type=\"URL\" data-id=\"https:\/\/youtu.be\/zSGtREPQh_0\">S\u1ef1 c\u1ea7u nguy<\/a><a href=\"https:\/\/youtu.be\/zSGtREPQh_0\" data-type=\"URL\" data-id=\"https:\/\/youtu.be\/zSGtREPQh_0\" target=\"_blank\" rel=\"noreferrer noopener\">\u1ec7<\/a><a href=\"https:\/\/youtu.be\/zSGtREPQh_0\" data-type=\"URL\" data-id=\"https:\/\/youtu.be\/zSGtREPQh_0\">n<\/a> (Houston)<\/p>\n\n\n\n<p><a href=\"https:\/\/youtu.be\/sPTUImQhIDE\" target=\"_blank\" rel=\"noreferrer noopener\">Ch\u00e2n ng\u00e3- Ph\u00e0m ng\u00e3<\/a> ( Garden Grove)<\/p>\n\n\n\n<p>Bu\u1ed5i h\u1ecdc th\u00e1ng T\u00e1m:&nbsp;<\/p>\n\n\n\n<p><a href=\"https:\/\/youtu.be\/PC2yIox0x9s\" target=\"_blank\" rel=\"noreferrer noopener\">S\u1ef1 c\u1ea5u t\u1ea1o huy\u1ec1n b\u00ed c\u1ee7a con ng\u01b0\u1eddi<\/a>( Houston)<\/p>\n\n\n\n<p><a rel=\"noreferrer noopener\" href=\"https:\/\/youtu.be\/O7ItyWR0W48\" target=\"_blank\">Con \u0111\u01b0\u1eddng d\u1ea9n \u0111\u1ebfn s\u1ef1 b\u00ecnh an v\u00e0 h\u1ea1nh ph\u00fac<\/a> ( Garden Grove)<\/p>\n\n\n\n<p>Bu\u1ed5i h\u1ecdc th\u00e1ng 9:&nbsp;<\/p>\n\n\n\n<p><a href=\"https:\/\/youtu.be\/ILTaSgeHvTw\" target=\"_blank\" rel=\"noreferrer noopener\">Nh\u1eefng \u0110\u1ea5ng c\u1ee9u tr\u1ee3 v\u00f4 h\u00ecnh<\/a>( Houston)<\/p>\n\n\n\n<p><a href=\"https:\/\/youtu.be\/5to2-yVwrwk\" target=\"_blank\" rel=\"noreferrer noopener\">Th\u1ec3 Ph\u00e1ch- C\u1ea5u t\u1ea1o v\u00e0 nhi\u1ec7m v\u1ee5<\/a>  ( Garden Grove)<\/p>\n\n\n\n<p>Bu\u1ed5i h\u1ecdc th\u00e1ng 10:&nbsp;&nbsp;<\/p>\n\n\n\n<p><a rel=\"noreferrer noopener\" href=\"https:\/\/youtu.be\/vfbSwe7QxLU\" target=\"_blank\">T\u00ecnh x\u01b0a ngh\u0129a c\u0169<\/a> (Houston)<\/p>\n\n\n\n<p><a rel=\"noreferrer noopener\" href=\"https:\/\/youtu.be\/E-q6s5uDzF4\" target=\"_blank\">\u0110\u1ecbnh Ngh\u0129a Th\u1ec3 V\u00eda<\/a> ( Garden Grove)<\/p>\n\n\n\n<p>Bu\u1ed5i h\u1ecdc th\u00e1ng 11:&nbsp;&nbsp;<\/p>\n\n\n\n<p> <a href=\"https:\/\/youtu.be\/wAsarC9UAIw\">H\u1ea1nh ph\u00fac c\u00f3 ph\u1ea3i l\u00e0 \u1ea3o gi\u00e1c<\/a> (Houston)<\/p>\n\n\n\n<p><a href=\"https:\/\/www.youtube.com\/watch?v=EGXwqSQEF90&amp;ab_channel=HiepTo\" data-type=\"URL\" data-id=\"https:\/\/www.youtube.com\/watch?v=EGXwqSQEF90&amp;ab_channel=HiepTo\" target=\"_blank\" rel=\"noreferrer noopener\">Tinh linh<\/a> ( Garden Grove)<\/p>\n\n\n\n<p>Bu\u1ed5i h\u1ecdc th\u00e1ng 12:&nbsp;<\/p>\n\n\n\n<p><a href=\"https:\/\/youtu.be\/302SOv0uYYg\">\u0110\u1ee9c Ky t\u00f4; T\u00f4n gi\u00e1o \u0111\u1ea1i \u0111\u1ed3ng (Houston)<\/a><\/p>\n","protected":false},"excerpt":{"rendered":"<p>Bu\u1ed5i h\u1ecdc th\u00e1ng Gi\u00eang.&nbsp;&nbsp; L\u1ecbch s\u1eed H\u1ed9i Th\u00f4ng Thi\u00ean H\u1ecdc Vi\u1ec7t Nam ( Houston) \u1ea2nh h\u01b0\u1edfng c\u1ee7a l\u1eddi n\u00f3i (California) Bu\u1ed5i h\u1ecdc th\u00e1ng Hai.&nbsp; C\u00f9ng ai \u0111au kh\u1ed5. Nh\u1eefng n\u1ed5i kh\u1ed5 ( Houston) C\u00f4ng vi\u1ec7c ph\u1ee5ng s\u1ef1 ( California) Bu\u1ed5i h\u1ecdc th\u00e1ng Ba.&nbsp;&nbsp; C\u00f9ng ai \u0111au kh\u1ed5: Lu\u1eadt Ti\u1ebfn H\u00f3a- Lu\u1eadt Lu\u00e2n H\u1ed3i ( Houston &hellip; <a href=\"https:\/\/www.thongthienhocvn.theosophical.org\/?page_id=1469\" class=\"more-link\">Continue reading <span class=\"screen-reader-text\">2022<\/span> <span class=\"meta-nav\">&rarr;<\/span><\/a><\/p>\n","protected":false},"author":2,"featured_media":0,"parent":0,"menu_order":0,"comment_status":"closed","ping_status":"closed","template":"","meta":{"footnotes":""},"class_list":["post-1469","page","type-page","status-publish","hentry"],"_links":{"self":[{"href":"https:\/\/www.thongthienhocvn.theosophical.org\/index.php?rest_route=\/wp\/v2\/pages\/1469","targetHints":{"allow":["GET"]}}],"collection":[{"href":"https:\/\/www.thongthienhocvn.theosophical.org\/index.php?rest_route=\/wp\/v2\/pages"}],"about":[{"href":"https:\/\/www.thongthienhocvn.theosophical.org\/index.php?rest_route=\/wp\/v2\/types\/page"}],"author":[{"embeddable":true,"href":"https:\/\/www.thongthienhocvn.theosophical.org\/index.php?rest_route=\/wp\/v2\/users\/2"}],"replies":[{"embeddable":true,"href":"https:\/\/www.thongthienhocvn.theosophical.org\/index.php?rest_route=%2Fwp%2Fv2%2Fcomments&post=1469"}],"version-history":[{"count":12,"href":"https:\/\/www.thongthienhocvn.theosophical.org\/index.php?rest_route=\/wp\/v2\/pages\/1469\/revisions"}],"predecessor-version":[{"id":1510,"href":"https:\/\/www.thongthienhocvn.theosophical.org\/index.php?rest_route=\/wp\/v2\/pages\/1469\/revisions\/1510"}],"wp:attachment":[{"href":"https:\/\/www.thongthienhocvn.theosophical.org\/index.php?rest_route=%2Fwp%2Fv2%2Fmedia&parent=1469"}],"curies":[{"name":"wp","href":"https:\/\/api.w.org\/{rel}","templated":true}]}}