{"id":1523,"date":"2023-03-03T20:21:06","date_gmt":"2023-03-04T02:21:06","guid":{"rendered":"https:\/\/thongthienhocvn.theosophical.org\/?page_id=1523"},"modified":"2024-01-01T20:31:43","modified_gmt":"2024-01-02T02:31:43","slug":"2023-2","status":"publish","type":"page","link":"https:\/\/www.thongthienhocvn.theosophical.org\/?page_id=1523","title":{"rendered":"2023"},"content":{"rendered":"\n<p>Xin m\u1eddi click v\u00e0o link d\u01b0\u1edbi \u0111\u00e2y \u0111\u1ec3 theo d\u1ecfi c\u00e1c bu\u1ed5i h\u1ecdc 2023:<\/p>\n\n\n\n<p>Th\u00e1ng 1<\/p>\n\n\n\n<p><a href=\"https:\/\/youtu.be\/68j8uWqVAxE\" target=\"_blank\" rel=\"noreferrer noopener\">7 Nguy\u00ean l\u00fd c\u1ee7a con ng\u01b0\u1eddi<\/a><\/p>\n\n\n\n<p>Th\u00e1ng 2<\/p>\n\n\n\n<p><a href=\"https:\/\/youtu.be\/p7QoadBUetU\" target=\"_blank\" rel=\"noreferrer noopener\">C\u00e1c \u0110\u1ea5ng Ch\u00e2n S\u01b0<\/a><\/p>\n\n\n\n<p><a rel=\"noreferrer noopener\" href=\"https:\/\/youtu.be\/ufZH7_Gjb9g\" target=\"_blank\">Th\u00f4ng Thi\u00ean H\u1ecdc v\u00e0 H\u1ed9i TH\u00f4ng Thi\u00ean H\u1ecdc<\/a><\/p>\n\n\n\n<p>Th\u00e1ng 3<\/p>\n\n\n\n<p><a href=\"https:\/\/youtu.be\/OdaNYsPtEu0\">C\u00f9ng ai \u0111au kh\u1ed5 ( ph\u1ea7n cu\u1ed1i)<\/a><\/p>\n\n\n\n<p>Th\u00e1ng 4<\/p>\n\n\n\n<p><a href=\"https:\/\/youtu.be\/en6cnceh9l0\">H\u1ecdc C\u01a1 Ti\u1ebfn h\u00f3a MTTL(1)<\/a><\/p>\n\n\n\n<p><a href=\"https:\/\/youtu.be\/EByf5hj2Fqw\">L\u1ec5 Wesak 2023<\/a><\/p>\n\n\n\n<p><a href=\"https:\/\/youtu.be\/QLlcobZnK0o\">Ch\u00e2u Atlantis<\/a><\/p>\n\n\n\n<p>Th\u00e1ng 5<\/p>\n\n\n\n<p><a href=\"https:\/\/youtu.be\/lzcuFB0Bbe8\">M\u00e0u s\u1eafc th\u1ec3 v\u00eda<\/a><\/p>\n\n\n\n<p>Th\u00e1ng 6<\/p>\n\n\n\n<p><a href=\"https:\/\/youtu.be\/wY4JYj2IaS8\">H\u1ecdc c\u01a1 ti\u1ebfn h\u00f3a MTTL (2A)<\/a><\/p>\n\n\n\n<p><a href=\"https:\/\/youtu.be\/Pr7eKfS01lI\">Ch\u00e2n ng\u00e3 \u0111\u1ea7u<\/a><a href=\"https:\/\/youtu.be\/Pr7eKfS01lI\" target=\"_blank\" rel=\"noreferrer noopener\"> <\/a><a href=\"https:\/\/youtu.be\/Pr7eKfS01lI\">t\u01b0<\/a><\/p>\n\n\n\n<p>Th\u00e1ng 7<\/p>\n\n\n\n<p><a href=\"https:\/\/youtu.be\/Tbhmb1Yd-68\">H\u1ecdc c\u01a1 ti\u1ebfn h\u00f3a MTTL (2B)<\/a><\/p>\n\n\n\n<p><a href=\"https:\/\/youtu.be\/LkHzCLfpKps\">H\u1ea1nh ph\u00fac Thi\u00ean \u0110\u00e0ng<\/a><\/p>\n\n\n\n<p>Th\u00e1ng 8<\/p>\n\n\n\n<p><a href=\"https:\/\/youtu.be\/vZalY4GxqkA\">Ki\u1ec3m so\u00e1t t\u01b0 t\u01b0\u1edfng- \u0110\u1ecbnh tr\u00ed<\/a><\/p>\n\n\n\n<p><a href=\"https:\/\/youtu.be\/szsyMTf7ay4\">Ti\u1ebfn h\u00f3a c\u1ee7a s\u1ef1 s\u1ed1ng<\/a><\/p>\n\n\n\n<p>Th\u00e1ng 9<\/p>\n\n\n\n<p><a href=\"https:\/\/youtu.be\/h7vIVklus-4\">Tham thi\u1ec1n<\/a><\/p>\n\n\n\n<p><a href=\"https:\/\/youtu.be\/Kp2vG2pAP4c\">L\u01b0\u1edbi ch\u1eafn &amp; v\u1ecf b\u1ea3o v\u1ec7<\/a><\/p>\n\n\n\n<p>Th\u00e1ng 10<\/p>\n\n\n\n<p><a href=\"https:\/\/youtu.be\/Zh7Z9AyuG-w\">Ba th\u1ec3 tr\u01b0\u1eddng t\u1ed3n<\/a><\/p>\n\n\n\n<p><a href=\"https:\/\/youtu.be\/9RYPxc2FEFo\">B\u1ed1n c\u1ea3nh Thi\u00ean \u0110\u00e0ng<\/a><\/p>\n\n\n\n<p>Th\u00e1ng 11<\/p>\n\n\n\n<p><a href=\"https:\/\/youtu.be\/FpaTigMHjRI\">Tinh th\u1ea7n h\u00f3a- S\u1ef1 hy sinh<\/a><\/p>\n\n\n\n<p><a href=\"https:\/\/youtu.be\/BsvuVVGIKbo\">Tho\u00e1t ki\u1ebfp th\u00fa<\/a><\/p>\n\n\n\n<p>Th\u00e1ng 12<\/p>\n\n\n\n<p><a href=\"https:\/\/youtu.be\/luVNfYca2q4\">S\u1ef1 trong s\u1ea1ch c\u1ee7a x\u00e1c th\u00e2n<\/a><\/p>\n\n\n\n<p>Th\u1ec3 V\u00eda- Nhi\u1ec7m v\u1ee5 v\u00e0 s\u1ef1 thanh l\u1ed9c<\/p>\n","protected":false},"excerpt":{"rendered":"<p>Xin m\u1eddi click v\u00e0o link d\u01b0\u1edbi \u0111\u00e2y \u0111\u1ec3 theo d\u1ecfi c\u00e1c bu\u1ed5i h\u1ecdc 2023: Th\u00e1ng 1 7 Nguy\u00ean l\u00fd c\u1ee7a con ng\u01b0\u1eddi Th\u00e1ng 2 C\u00e1c \u0110\u1ea5ng Ch\u00e2n S\u01b0 Th\u00f4ng Thi\u00ean H\u1ecdc v\u00e0 H\u1ed9i TH\u00f4ng Thi\u00ean H\u1ecdc Th\u00e1ng 3 C\u00f9ng ai \u0111au kh\u1ed5 ( ph\u1ea7n cu\u1ed1i) Th\u00e1ng 4 H\u1ecdc C\u01a1 Ti\u1ebfn h\u00f3a MTTL(1) L\u1ec5 Wesak 2023 &hellip; <a href=\"https:\/\/www.thongthienhocvn.theosophical.org\/?page_id=1523\" class=\"more-link\">Continue reading <span class=\"screen-reader-text\">2023<\/span> <span class=\"meta-nav\">&rarr;<\/span><\/a><\/p>\n","protected":false},"author":2,"featured_media":0,"parent":0,"menu_order":0,"comment_status":"closed","ping_status":"closed","template":"","meta":{"footnotes":""},"class_list":["post-1523","page","type-page","status-publish","hentry"],"_links":{"self":[{"href":"https:\/\/www.thongthienhocvn.theosophical.org\/index.php?rest_route=\/wp\/v2\/pages\/1523","targetHints":{"allow":["GET"]}}],"collection":[{"href":"https:\/\/www.thongthienhocvn.theosophical.org\/index.php?rest_route=\/wp\/v2\/pages"}],"about":[{"href":"https:\/\/www.thongthienhocvn.theosophical.org\/index.php?rest_route=\/wp\/v2\/types\/page"}],"author":[{"embeddable":true,"href":"https:\/\/www.thongthienhocvn.theosophical.org\/index.php?rest_route=\/wp\/v2\/users\/2"}],"replies":[{"embeddable":true,"href":"https:\/\/www.thongthienhocvn.theosophical.org\/index.php?rest_route=%2Fwp%2Fv2%2Fcomments&post=1523"}],"version-history":[{"count":8,"href":"https:\/\/www.thongthienhocvn.theosophical.org\/index.php?rest_route=\/wp\/v2\/pages\/1523\/revisions"}],"predecessor-version":[{"id":1589,"href":"https:\/\/www.thongthienhocvn.theosophical.org\/index.php?rest_route=\/wp\/v2\/pages\/1523\/revisions\/1589"}],"wp:attachment":[{"href":"https:\/\/www.thongthienhocvn.theosophical.org\/index.php?rest_route=%2Fwp%2Fv2%2Fmedia&parent=1523"}],"curies":[{"name":"wp","href":"https:\/\/api.w.org\/{rel}","templated":true}]}}