{"id":1559,"date":"2024-01-01T10:42:35","date_gmt":"2024-01-01T16:42:35","guid":{"rendered":"https:\/\/thongthienhocvn.theosophical.org\/?page_id=1559"},"modified":"2025-02-26T08:26:10","modified_gmt":"2025-02-26T14:26:10","slug":"2024-2","status":"publish","type":"page","link":"https:\/\/www.thongthienhocvn.theosophical.org\/?page_id=1559","title":{"rendered":"2024"},"content":{"rendered":"\n<p>Th\u00e1ng 1<\/p>\n\n\n\n<p><a href=\"https:\/\/youtu.be\/IpXRlzGCPtY\" data-type=\"link\" data-id=\"https:\/\/youtu.be\/IpXRlzGCPtY\">L\u00f2ng s\u00f9ng \u0111\u1ea1o hay l\u00e0 s\u00f9ng t\u00edn.<\/a><\/p>\n\n\n\n<p><a href=\"https:\/\/youtu.be\/7oAYYwmAsDg\" data-type=\"link\" data-id=\"https:\/\/youtu.be\/7oAYYwmAsDg\">L\u00f2ng b\u00e1c \u00e1i &amp; T\u00ecnh th\u01b0\u01a1ng<\/a><\/p>\n\n\n\n<p>Th\u00e1ng 2<\/p>\n\n\n\n<p><a href=\"https:\/\/youtu.be\/WP8SRa_Zp_8\" data-type=\"link\" data-id=\"https:\/\/youtu.be\/WP8SRa_Zp_8\">Lu\u00e2n xa &amp; H\u1ecfa x\u00e0<\/a><\/p>\n\n\n\n<p>Th\u00e1ng 3<\/p>\n\n\n\n<p><a href=\"https:\/\/youtu.be\/HSqzv1glDt8\" data-type=\"link\" data-id=\"https:\/\/youtu.be\/HSqzv1glDt8\">Tinh Th\u1ea7n an ph\u1eadn<\/a><\/p>\n\n\n\n<p><a href=\"https:\/\/youtu.be\/-HEJrRgBM6o\" data-type=\"link\" data-id=\"https:\/\/youtu.be\/-HEJrRgBM6o\">Ph\u1eadt Gi\u00e1o &amp; Th\u00f4ng Thi\u00ean H\u1ecdc<\/a><\/p>\n\n\n\n<p>Th\u00e1ng 4<\/p>\n\n\n\n<p><a href=\"https:\/\/youtu.be\/w6LqeBGmbt0\">D\u00e3y \u0110\u1ecba C\u1ea7u, C\u00e1c gi\u1ed1ng d\u00e2n v\u00e0 c\u00e1c Ch\u00e2u tr\u00ean th\u1ebf gi\u1edbi.<\/a><\/p>\n\n\n\n<p><a href=\"https:\/\/youtu.be\/EGraKa3SWhI\">Thi\u00ean \u0110o\u00e0n v\u00e0 7 Cung<\/a><\/p>\n\n\n\n<p>Th\u00e1ng 5<\/p>\n\n\n\n<p><a href=\"https:\/\/youtu.be\/6NKj8M4JS6A\">L\u1ec5 Wesak 2024<\/a><\/p>\n\n\n\n<p><a href=\"https:\/\/youtu.be\/DCehglgvGVE\">Sinh Ho\u1ea1t c\u1ee7a Th\u1ec3 v\u00eda \u1edf c\u00f5i Trung gi\u1edbi<\/a><\/p>\n\n\n\n<p>Th\u00e1ng 6:<\/p>\n\n\n\n<p><a href=\"https:\/\/youtu.be\/toby8qqARa8\">Nh\u1eefng cu\u1ed9c Tu\u1ea7n Ho\u00e0n<\/a><\/p>\n\n\n\n<p><a href=\"https:\/\/youtu.be\/9RDwdwGFGpE\">N\u0103ng l\u1ef1c di chuy\u1ec3n t\u01b0 t\u01b0\u1edfng<\/a><\/p>\n\n\n\n<p>Th\u00e1ng7<\/p>\n\n\n\n<p><a href=\"https:\/\/youtu.be\/NmVRfdd4CGo\">Ch\u00e2n s\u01b0 v\u00e0 Th\u00e1nh \u0110\u1ea1o 1<\/a><\/p>\n\n\n\n<p><a href=\"https:\/\/youtu.be\/v-iOoEZyBw8\">S\u1ef1 thay \u0111\u1ed5i c\u1ee7a th\u1ec3 v\u00eda sau khi ch\u1ebft<\/a><\/p>\n\n\n\n<p>Th\u00e1ng 8<\/p>\n\n\n\n<p><a href=\"https:\/\/youtu.be\/eD5ilagdTqw\">Ch\u00e2n s\u01b0 v\u00e0 Th\u00e1nh \u0110\u1ea1o 2<\/a><\/p>\n\n\n\n<p><a href=\"https:\/\/youtu.be\/4-Nfs6-CEOA\">Linh h\u1ed3n l\u00e0 g\u00ec?<\/a><\/p>\n\n\n\n<p>Th\u00e1ng 9<\/p>\n\n\n\n<p><a href=\"https:\/\/youtu.be\/k8Y-Su_9U8A\">Ch\u00e2n s\u01b0 v\u00e0 Th\u00e1nh \u0110\u1ea1o 3<\/a><\/p>\n\n\n\n<p><a href=\"https:\/\/youtu.be\/5RUPzQLr8rw\">T\u00e1i Sinh<\/a><\/p>\n\n\n\n<p>Th\u00e1ng 10<\/p>\n\n\n\n<p><a href=\"https:\/\/youtu.be\/RE4CNW9ziK0\">Ch\u00e2n S\u01b0 v\u00e0 Th\u00e1nh \u0110\u1ea1o 4<\/a><\/p>\n\n\n\n<p><a href=\"https:\/\/youtu.be\/qFC3TlyLRyU\">Chu\u1ea9n b\u1ecb Thi\u1ec1n<\/a><\/p>\n\n\n\n<p>Th\u00e1ng 11<\/p>\n\n\n\n<p><a href=\"https:\/\/youtu.be\/fTecIqPREeI\">Ch\u00e2n s\u01b0 v\u00e0 Th\u00e1nh \u0110\u1ea1o 5<\/a><\/p>\n\n\n\n<p><a href=\"https:\/\/youtu.be\/9HPge9DGbv8\">Ai mu\u1ed1n v\u00e0o Thi\u00ean \u0110\u00e0n<\/a><\/p>\n\n\n\n<p>Th\u00e1ng 12<\/p>\n\n\n\n<p><a href=\"https:\/\/youtu.be\/s6EF2GrQuJI\">\u0110\u1ea1o vi\u1ec7n Krotona<\/a><\/p>\n\n\n\n<p><a href=\"https:\/\/youtu.be\/TU4sdzjYsi8\">Ph\u00e1t tri\u1ec3n t\u00ecnh th\u01b0\u01a1ng<\/a><\/p>\n\n\n\n<p><\/p>\n\n\n\n<p><\/p>\n\n\n\n<p><\/p>\n","protected":false},"excerpt":{"rendered":"<p>Th\u00e1ng 1 L\u00f2ng s\u00f9ng \u0111\u1ea1o hay l\u00e0 s\u00f9ng t\u00edn. L\u00f2ng b\u00e1c \u00e1i &amp; T\u00ecnh th\u01b0\u01a1ng Th\u00e1ng 2 Lu\u00e2n xa &amp; H\u1ecfa x\u00e0 Th\u00e1ng 3 Tinh Th\u1ea7n an ph\u1eadn Ph\u1eadt Gi\u00e1o &amp; Th\u00f4ng Thi\u00ean H\u1ecdc Th\u00e1ng 4 D\u00e3y \u0110\u1ecba C\u1ea7u, C\u00e1c gi\u1ed1ng d\u00e2n v\u00e0 c\u00e1c Ch\u00e2u tr\u00ean th\u1ebf gi\u1edbi. Thi\u00ean \u0110o\u00e0n v\u00e0 7 Cung Th\u00e1ng 5 &hellip; <a href=\"https:\/\/www.thongthienhocvn.theosophical.org\/?page_id=1559\" class=\"more-link\">Continue reading <span class=\"screen-reader-text\">2024<\/span> <span class=\"meta-nav\">&rarr;<\/span><\/a><\/p>\n","protected":false},"author":2,"featured_media":0,"parent":0,"menu_order":0,"comment_status":"closed","ping_status":"closed","template":"","meta":{"footnotes":""},"class_list":["post-1559","page","type-page","status-publish","hentry"],"_links":{"self":[{"href":"https:\/\/www.thongthienhocvn.theosophical.org\/index.php?rest_route=\/wp\/v2\/pages\/1559","targetHints":{"allow":["GET"]}}],"collection":[{"href":"https:\/\/www.thongthienhocvn.theosophical.org\/index.php?rest_route=\/wp\/v2\/pages"}],"about":[{"href":"https:\/\/www.thongthienhocvn.theosophical.org\/index.php?rest_route=\/wp\/v2\/types\/page"}],"author":[{"embeddable":true,"href":"https:\/\/www.thongthienhocvn.theosophical.org\/index.php?rest_route=\/wp\/v2\/users\/2"}],"replies":[{"embeddable":true,"href":"https:\/\/www.thongthienhocvn.theosophical.org\/index.php?rest_route=%2Fwp%2Fv2%2Fcomments&post=1559"}],"version-history":[{"count":8,"href":"https:\/\/www.thongthienhocvn.theosophical.org\/index.php?rest_route=\/wp\/v2\/pages\/1559\/revisions"}],"predecessor-version":[{"id":1620,"href":"https:\/\/www.thongthienhocvn.theosophical.org\/index.php?rest_route=\/wp\/v2\/pages\/1559\/revisions\/1620"}],"wp:attachment":[{"href":"https:\/\/www.thongthienhocvn.theosophical.org\/index.php?rest_route=%2Fwp%2Fv2%2Fmedia&parent=1559"}],"curies":[{"name":"wp","href":"https:\/\/api.w.org\/{rel}","templated":true}]}}