{"id":1681,"date":"2026-01-07T09:13:19","date_gmt":"2026-01-07T15:13:19","guid":{"rendered":"https:\/\/www.thongthienhocvn.theosophical.org\/?page_id=1681"},"modified":"2026-03-09T16:15:33","modified_gmt":"2026-03-09T21:15:33","slug":"2026-2","status":"publish","type":"page","link":"https:\/\/www.thongthienhocvn.theosophical.org\/?page_id=1681","title":{"rendered":"2026"},"content":{"rendered":"\n<p>Th\u00e1ng 1<\/p>\n\n\n\n<p><a href=\"https:\/\/youtu.be\/r-Cw76tZV6E\">Q\u1ee7a v\u1ecb La H\u00e1n<\/a><\/p>\n\n\n\n<p><a href=\"https:\/\/youtu.be\/2DrvfPXqsEE\">S\u1ef1 ph\u00e1t tri\u1ec3n c\u1ee7a con ng\u01b0\u1eddi v\u00e0 c\u00e1c gi\u1ed1ng d\u00e2n<\/a><\/p>\n\n\n\n<p>Th\u00e1ng 2<\/p>\n\n\n\n<p><a href=\"https:\/\/youtu.be\/OPJdXdBbFQ0\">C\u00f4ng vi\u1ec7c c\u1ee7a c\u00e1c \u0110\u1ea5ng Ch\u01a1n S\u01b0<\/a><\/p>\n\n\n\n<p><a href=\"https:\/\/youtu.be\/LJJNiK6kdCY\">S\u1ef1 h\u1ee3p t\u00e1c gi\u1eeda nh\u00e2n lo\u1ea1i v\u00e0 Thi\u00ean th\u1ea7n<\/a><\/p>\n\n\n\n<p>Th\u00e1ng 3<\/p>\n\n\n\n<p>C\u00e1c \u0110\u1ebf Qu\u00e2n v\u00e0 7 Cung<\/p>\n\n\n\n<p>T\u00e1c \u0111\u1ed9ng c\u1ee7a Th\u01b0\u1ee3ng \u0110\u1ebf 3 Ng\u00f4i<\/p>\n\n\n\n<p><\/p>\n\n\n\n<p>Th\u00e1ng 4<\/p>\n\n\n\n<p>Th\u00e1ng 5<\/p>\n\n\n\n<p>Th\u00e1ng 6<\/p>\n\n\n\n<p>Th\u00e1ng 7<\/p>\n\n\n\n<p>Th\u00e1ng 8<\/p>\n\n\n\n<p><\/p>\n","protected":false},"excerpt":{"rendered":"<p>Th\u00e1ng 1 Q\u1ee7a v\u1ecb La H\u00e1n S\u1ef1 ph\u00e1t tri\u1ec3n c\u1ee7a con ng\u01b0\u1eddi v\u00e0 c\u00e1c gi\u1ed1ng d\u00e2n Th\u00e1ng 2 C\u00f4ng vi\u1ec7c c\u1ee7a c\u00e1c \u0110\u1ea5ng Ch\u01a1n S\u01b0 S\u1ef1 h\u1ee3p t\u00e1c gi\u1eeda nh\u00e2n lo\u1ea1i v\u00e0 Thi\u00ean th\u1ea7n Th\u00e1ng 3 C\u00e1c \u0110\u1ebf Qu\u00e2n v\u00e0 7 Cung T\u00e1c \u0111\u1ed9ng c\u1ee7a Th\u01b0\u1ee3ng \u0110\u1ebf 3 Ng\u00f4i Th\u00e1ng 4 Th\u00e1ng 5 Th\u00e1ng 6 &hellip; <a href=\"https:\/\/www.thongthienhocvn.theosophical.org\/?page_id=1681\" class=\"more-link\">Continue reading <span class=\"screen-reader-text\">2026<\/span> <span class=\"meta-nav\">&rarr;<\/span><\/a><\/p>\n","protected":false},"author":2,"featured_media":0,"parent":0,"menu_order":0,"comment_status":"closed","ping_status":"closed","template":"","meta":{"footnotes":""},"class_list":["post-1681","page","type-page","status-publish","hentry"],"_links":{"self":[{"href":"https:\/\/www.thongthienhocvn.theosophical.org\/index.php?rest_route=\/wp\/v2\/pages\/1681","targetHints":{"allow":["GET"]}}],"collection":[{"href":"https:\/\/www.thongthienhocvn.theosophical.org\/index.php?rest_route=\/wp\/v2\/pages"}],"about":[{"href":"https:\/\/www.thongthienhocvn.theosophical.org\/index.php?rest_route=\/wp\/v2\/types\/page"}],"author":[{"embeddable":true,"href":"https:\/\/www.thongthienhocvn.theosophical.org\/index.php?rest_route=\/wp\/v2\/users\/2"}],"replies":[{"embeddable":true,"href":"https:\/\/www.thongthienhocvn.theosophical.org\/index.php?rest_route=%2Fwp%2Fv2%2Fcomments&post=1681"}],"version-history":[{"count":4,"href":"https:\/\/www.thongthienhocvn.theosophical.org\/index.php?rest_route=\/wp\/v2\/pages\/1681\/revisions"}],"predecessor-version":[{"id":1689,"href":"https:\/\/www.thongthienhocvn.theosophical.org\/index.php?rest_route=\/wp\/v2\/pages\/1681\/revisions\/1689"}],"wp:attachment":[{"href":"https:\/\/www.thongthienhocvn.theosophical.org\/index.php?rest_route=%2Fwp%2Fv2%2Fmedia&parent=1681"}],"curies":[{"name":"wp","href":"https:\/\/api.w.org\/{rel}","templated":true}]}}