{"id":199,"date":"2013-11-29T21:23:46","date_gmt":"2013-11-30T03:23:46","guid":{"rendered":"http:\/\/thongthienhocvn.theosophical.org\/?page_id=199"},"modified":"2025-03-01T17:40:56","modified_gmt":"2025-03-01T23:40:56","slug":"tin-tuc-cua-phung-su-chan-ly","status":"publish","type":"page","link":"https:\/\/www.thongthienhocvn.theosophical.org\/?page_id=199","title":{"rendered":"T\/T- Ph\u1ee5ng S\u1ef1 Ch\u00e2n L\u00fd"},"content":{"rendered":"<p style=\"text-align: center;\"><a href=\"http:\/\/thongthienhocvn.theosophical.org\/wp-content\/uploads\/2014\/01\/PSCL.jpeg\"><img loading=\"lazy\" decoding=\"async\" class=\"alignnone size-medium wp-image-322\" src=\"http:\/\/thongthienhocvn.theosophical.org\/wp-content\/uploads\/2014\/01\/PSCL-300x173.jpeg\" alt=\"PSCL\" width=\"313\" height=\"181\" srcset=\"https:\/\/www.thongthienhocvn.theosophical.org\/wp-content\/uploads\/2014\/01\/PSCL-300x173.jpeg 300w, https:\/\/www.thongthienhocvn.theosophical.org\/wp-content\/uploads\/2014\/01\/PSCL.jpeg 969w\" sizes=\"auto, (max-width: 313px) 100vw, 313px\" \/><\/a> <a href=\"http:\/\/thongthienhocvn.theosophical.org\/wp-content\/uploads\/2014\/01\/P1000436.jpg\"><img loading=\"lazy\" decoding=\"async\" class=\"alignnone size-medium wp-image-340\" src=\"http:\/\/thongthienhocvn.theosophical.org\/wp-content\/uploads\/2014\/01\/P1000436-300x200.jpg\" alt=\"P1000436\" width=\"278\" height=\"185\" srcset=\"https:\/\/www.thongthienhocvn.theosophical.org\/wp-content\/uploads\/2014\/01\/P1000436-300x200.jpg 300w, https:\/\/www.thongthienhocvn.theosophical.org\/wp-content\/uploads\/2014\/01\/P1000436-1024x682.jpg 1024w\" sizes=\"auto, (max-width: 278px) 100vw, 278px\" \/><\/a><\/p>\n<div id=\"yui_3_16_0_1_1445133178354_2123\" class=\"base-card-body\">\n<div id=\"yui_3_16_0_1_1445133178354_2122\" class=\"msg-body inner undoreset\" tabindex=\"0\">\n<div id=\"yui_3_16_0_1_1445133178354_2121\" class=\"email-wrapped\">\n<div id=\"yiv2640580339\">\n<div id=\"yui_3_16_0_1_1445133178354_2120\">\n<div id=\"yui_3_16_0_1_1445133178354_2119\">\n<div style=\"text-align: center;\">\n<div>\n<div>\n<p class=\"yiv3188304771ydp26fbc8e7yiv1883925978ydp65121ffdyiv6837948129ydp5941ee2byiv3491095471ydp7ab5e6a9yiv0923265492ydp3406b5f3yiv3711334097ydp4d1abdc2yiv7377241187ydp5dd07ab0yiv4099018802ydpf823ca20yiv3981486330ydp545ac016MsoNormal\" align=\"center\"><span style=\"font-size: x-large;\">\u00a0 \u00a0 \u00a0 \u00a0 \u00a0 \u00a0 \u00a0 \u00a0 \u00a0 \u00a0<span style=\"color: #0000ff;\"> \u00a0 <\/span><\/span><span style=\"color: #0000ff;\"><b style=\"font-size: x-large;\">H\u1ed8I TH\u00d4NG THI\u00caN H\u1eccC HOA K\u1ef2\u00a0 \u00a0 \u00a0<\/b><\/span><\/p>\n<\/div>\n<div class=\"yiv3188304771ydp26fbc8e7yiv1883925978ydp65121ffdyiv6837948129ydp5941ee2byiv3491095471ydp7ab5e6a9yiv0923265492ydp3406b5f3yiv3711334097ydp4d1abdc2yiv7377241187ydp5dd07ab0yiv4099018802ydpf823ca20yiv3981486330ydp3c79eb0signature\">\n<div dir=\"ltr\">\n<div class=\"yiv8172312441gmail-yiv8560945031ydp741692beyiv0380363058ydpbb307b6byiv7268461930ydp14a6927byiv1000448860ydp88aa9ca0yiv5704802197ydp125751fdyiv4396568719ydpd0efe68I_ZkbNhI yiv8172312441gmail-yiv8560945031ydp741692beyiv0380363058ydpbb307b6byiv7268461930ydp14a6927byiv1000448860ydp88aa9ca0yiv5704802197ydp125751fdyiv4396568719ydpd0efe68D_FY yiv8172312441gmail-yiv8560945031ydp741692beyiv0380363058ydpbb307b6byiv7268461930ydp14a6927byiv1000448860ydp88aa9ca0yiv5704802197ydp125751fdyiv4396568719ydpd0efe68W_6D6F\">\n<div class=\"yiv8172312441gmail-yiv8560945031ydp741692beyiv0380363058ydpbb307b6byiv7268461930ydp14a6927byiv1000448860ydp88aa9ca0yiv5704802197ydp125751fdyiv4396568719ydpd0efe68msg-body yiv8172312441gmail-yiv8560945031ydp741692beyiv0380363058ydpbb307b6byiv7268461930ydp14a6927byiv1000448860ydp88aa9ca0yiv5704802197ydp125751fdyiv4396568719ydpd0efe68P_wpofO yiv8172312441gmail-yiv8560945031ydp741692beyiv0380363058ydpbb307b6byiv7268461930ydp14a6927byiv1000448860ydp88aa9ca0yiv5704802197ydp125751fdyiv4396568719ydpd0efe68mq_AS\">\n<div class=\"yiv8172312441gmail-yiv8560945031ydp741692beyiv0380363058ydpbb307b6byiv7268461930ydp14a6927byiv1000448860ydp88aa9ca0yiv5704802197ydp125751fdyiv4396568719ydpd0efe68jb_0 yiv8172312441gmail-yiv8560945031ydp741692beyiv0380363058ydpbb307b6byiv7268461930ydp14a6927byiv1000448860ydp88aa9ca0yiv5704802197ydp125751fdyiv4396568719ydpd0efe68X_6MGW yiv8172312441gmail-yiv8560945031ydp741692beyiv0380363058ydpbb307b6byiv7268461930ydp14a6927byiv1000448860ydp88aa9ca0yiv5704802197ydp125751fdyiv4396568719ydpd0efe68N_6Fd5\">\n<div id=\"yiv8172312441gmail-yiv8560945031ydp741692beyiv0380363058ydpbb307b6byiv7268461930ydp14a6927byiv1000448860ydp88aa9ca0yiv5704802197ydp125751fdyiv4396568719ydpd0efe68yiv9830875060\">\n<div class=\"yiv8172312441gmail-yiv8560945031ydp741692beyiv0380363058ydpbb307b6byiv7268461930ydp14a6927byiv1000448860ydp88aa9ca0yiv5704802197ydp125751fdyiv4396568719ydpd0efe68yiv9830875060ydpf2346a78yahoo-style-wrap\">\n<div class=\"yiv8172312441gmail-yiv8560945031ydp741692beyiv0380363058ydpbb307b6byiv7268461930ydp14a6927byiv1000448860ydp88aa9ca0yiv5704802197ydp125751fdyiv4396568719ydpd0efe68yiv9830875060ydpec229b12yiv6042439905ydpaffa7e93yiv9335057885ydp58404c76yiv5080478496ydpf9e2778fI_ZkbNhI yiv8172312441gmail-yiv8560945031ydp741692beyiv0380363058ydpbb307b6byiv7268461930ydp14a6927byiv1000448860ydp88aa9ca0yiv5704802197ydp125751fdyiv4396568719ydpd0efe68yiv9830875060ydpec229b12yiv6042439905ydpaffa7e93yiv9335057885ydp58404c76yiv5080478496ydpf9e2778fD_FY yiv8172312441gmail-yiv8560945031ydp741692beyiv0380363058ydpbb307b6byiv7268461930ydp14a6927byiv1000448860ydp88aa9ca0yiv5704802197ydp125751fdyiv4396568719ydpd0efe68yiv9830875060ydpec229b12yiv6042439905ydpaffa7e93yiv9335057885ydp58404c76yiv5080478496ydpf9e2778fW_6D6F\">\n<div class=\"yiv8172312441gmail-yiv8560945031ydp741692beyiv0380363058ydpbb307b6byiv7268461930ydp14a6927byiv1000448860ydp88aa9ca0yiv5704802197ydp125751fdyiv4396568719ydpd0efe68yiv9830875060ydpec229b12yiv6042439905ydpaffa7e93yiv9335057885ydp58404c76yiv5080478496ydpf9e2778fmsg-body yiv8172312441gmail-yiv8560945031ydp741692beyiv0380363058ydpbb307b6byiv7268461930ydp14a6927byiv1000448860ydp88aa9ca0yiv5704802197ydp125751fdyiv4396568719ydpd0efe68yiv9830875060ydpec229b12yiv6042439905ydpaffa7e93yiv9335057885ydp58404c76yiv5080478496ydpf9e2778fP_wpofO yiv8172312441gmail-yiv8560945031ydp741692beyiv0380363058ydpbb307b6byiv7268461930ydp14a6927byiv1000448860ydp88aa9ca0yiv5704802197ydp125751fdyiv4396568719ydpd0efe68yiv9830875060ydpec229b12yiv6042439905ydpaffa7e93yiv9335057885ydp58404c76yiv5080478496ydpf9e2778fmq_AS\">\n<div class=\"yiv8172312441gmail-yiv8560945031ydp741692beyiv0380363058ydpbb307b6byiv7268461930ydp14a6927byiv1000448860ydp88aa9ca0yiv5704802197ydp125751fdyiv4396568719ydpd0efe68yiv9830875060ydpec229b12yiv6042439905ydpaffa7e93yiv9335057885ydp58404c76yiv5080478496ydpf9e2778fjb_0 yiv8172312441gmail-yiv8560945031ydp741692beyiv0380363058ydpbb307b6byiv7268461930ydp14a6927byiv1000448860ydp88aa9ca0yiv5704802197ydp125751fdyiv4396568719ydpd0efe68yiv9830875060ydpec229b12yiv6042439905ydpaffa7e93yiv9335057885ydp58404c76yiv5080478496ydpf9e2778fX_6MGW yiv8172312441gmail-yiv8560945031ydp741692beyiv0380363058ydpbb307b6byiv7268461930ydp14a6927byiv1000448860ydp88aa9ca0yiv5704802197ydp125751fdyiv4396568719ydpd0efe68yiv9830875060ydpec229b12yiv6042439905ydpaffa7e93yiv9335057885ydp58404c76yiv5080478496ydpf9e2778fN_6Fd5\">\n<div id=\"yiv8172312441gmail-yiv8560945031ydp741692beyiv0380363058ydpbb307b6byiv7268461930ydp14a6927byiv1000448860ydp88aa9ca0yiv5704802197ydp125751fdyiv4396568719ydpd0efe68yiv9830875060ydpec229b12yiv6042439905ydpaffa7e93yiv9335057885ydp58404c76yiv5080478496ydpf9e2778fyiv2819002740\">\n<div class=\"yiv8172312441gmail-yiv8560945031ydp741692beyiv0380363058ydpbb307b6byiv7268461930ydp14a6927byiv1000448860ydp88aa9ca0yiv5704802197ydp125751fdyiv4396568719ydpd0efe68yiv9830875060ydpec229b12yiv6042439905ydpaffa7e93yiv9335057885ydp58404c76yiv5080478496ydpf9e2778fyiv2819002740ydp29d949d1yahoo-style-wrap\">\n<div><span style=\"font-size: x-large; color: #0000ff;\"><b>Chi nh\u00e1nh Vi\u1ec7t Ng\u1eef PH\u1ee4NG S\u1ef0 CH\u00c2N L\u00dd<\/b><\/span><\/div>\n<div><span style=\"font-size: x-large; color: #0000ff;\"><b>\u00a0 \u00a0 \u00a0\u00a0<\/b>Garden Grove, California 714-280-3365<b>\u00a0 \u00a0 \u00a0<\/b><\/span><\/div>\n<div><span style=\"font-size: x-large; color: #0000ff;\"><b>\u00a0<\/b><\/span><b style=\"color: #0000ff; font-size: x-large;\">TH\u00d4NG B\u00c1O M\u1edcI H\u1eccP<\/b><\/div>\n<div>\n<div>\n<div class=\"yiv5133243942ydp23aa710eyiv5642806658ydpb632002ayiv3266323700ydpde29511yiv2770997452ydpe24c6319yiv9292133769ydpd0efe68I_ZkbNhI yiv5133243942ydp23aa710eyiv5642806658ydpb632002ayiv3266323700ydpde29511yiv2770997452ydpe24c6319yiv9292133769ydpd0efe68D_FY yiv5133243942ydp23aa710eyiv5642806658ydpb632002ayiv3266323700ydpde29511yiv2770997452ydpe24c6319yiv9292133769ydpd0efe68W_6D6F\">\n<div class=\"yiv5133243942ydp23aa710eyiv5642806658ydpb632002ayiv3266323700ydpde29511yiv2770997452ydpe24c6319yiv9292133769ydpd0efe68msg-body yiv5133243942ydp23aa710eyiv5642806658ydpb632002ayiv3266323700ydpde29511yiv2770997452ydpe24c6319yiv9292133769ydpd0efe68P_wpofO yiv5133243942ydp23aa710eyiv5642806658ydpb632002ayiv3266323700ydpde29511yiv2770997452ydpe24c6319yiv9292133769ydpd0efe68mq_AS\">\n<div class=\"yiv5133243942ydp23aa710eyiv5642806658ydpb632002ayiv3266323700ydpde29511yiv2770997452ydpe24c6319yiv9292133769ydpd0efe68jb_0 yiv5133243942ydp23aa710eyiv5642806658ydpb632002ayiv3266323700ydpde29511yiv2770997452ydpe24c6319yiv9292133769ydpd0efe68X_6MGW yiv5133243942ydp23aa710eyiv5642806658ydpb632002ayiv3266323700ydpde29511yiv2770997452ydpe24c6319yiv9292133769ydpd0efe68N_6Fd5\">\n<div id=\"yiv5133243942ydp23aa710eyiv5642806658ydpb632002ayiv3266323700ydpde29511yiv2770997452ydpe24c6319yiv9292133769ydpd0efe68yiv9830875060\">\n<div class=\"yiv5133243942ydp23aa710eyiv5642806658ydpb632002ayiv3266323700ydpde29511yiv2770997452ydpe24c6319yiv9292133769ydpd0efe68yiv9830875060ydpf2346a78yahoo-style-wrap\">\n<div class=\"yiv5133243942ydp23aa710eyiv5642806658ydpb632002ayiv3266323700ydpde29511yiv2770997452ydpe24c6319yiv9292133769ydpd0efe68yiv9830875060ydpec229b12yiv6042439905ydpaffa7e93yiv9335057885ydp58404c76yiv5080478496ydpf9e2778fI_ZkbNhI yiv5133243942ydp23aa710eyiv5642806658ydpb632002ayiv3266323700ydpde29511yiv2770997452ydpe24c6319yiv9292133769ydpd0efe68yiv9830875060ydpec229b12yiv6042439905ydpaffa7e93yiv9335057885ydp58404c76yiv5080478496ydpf9e2778fD_FY yiv5133243942ydp23aa710eyiv5642806658ydpb632002ayiv3266323700ydpde29511yiv2770997452ydpe24c6319yiv9292133769ydpd0efe68yiv9830875060ydpec229b12yiv6042439905ydpaffa7e93yiv9335057885ydp58404c76yiv5080478496ydpf9e2778fW_6D6F\">\n<div class=\"yiv5133243942ydp23aa710eyiv5642806658ydpb632002ayiv3266323700ydpde29511yiv2770997452ydpe24c6319yiv9292133769ydpd0efe68yiv9830875060ydpec229b12yiv6042439905ydpaffa7e93yiv9335057885ydp58404c76yiv5080478496ydpf9e2778fmsg-body yiv5133243942ydp23aa710eyiv5642806658ydpb632002ayiv3266323700ydpde29511yiv2770997452ydpe24c6319yiv9292133769ydpd0efe68yiv9830875060ydpec229b12yiv6042439905ydpaffa7e93yiv9335057885ydp58404c76yiv5080478496ydpf9e2778fP_wpofO yiv5133243942ydp23aa710eyiv5642806658ydpb632002ayiv3266323700ydpde29511yiv2770997452ydpe24c6319yiv9292133769ydpd0efe68yiv9830875060ydpec229b12yiv6042439905ydpaffa7e93yiv9335057885ydp58404c76yiv5080478496ydpf9e2778fmq_AS\">\n<div class=\"yiv5133243942ydp23aa710eyiv5642806658ydpb632002ayiv3266323700ydpde29511yiv2770997452ydpe24c6319yiv9292133769ydpd0efe68yiv9830875060ydpec229b12yiv6042439905ydpaffa7e93yiv9335057885ydp58404c76yiv5080478496ydpf9e2778fjb_0 yiv5133243942ydp23aa710eyiv5642806658ydpb632002ayiv3266323700ydpde29511yiv2770997452ydpe24c6319yiv9292133769ydpd0efe68yiv9830875060ydpec229b12yiv6042439905ydpaffa7e93yiv9335057885ydp58404c76yiv5080478496ydpf9e2778fX_6MGW yiv5133243942ydp23aa710eyiv5642806658ydpb632002ayiv3266323700ydpde29511yiv2770997452ydpe24c6319yiv9292133769ydpd0efe68yiv9830875060ydpec229b12yiv6042439905ydpaffa7e93yiv9335057885ydp58404c76yiv5080478496ydpf9e2778fN_6Fd5\">\n<div id=\"yiv5133243942ydp23aa710eyiv5642806658ydpb632002ayiv3266323700ydpde29511yiv2770997452ydpe24c6319yiv9292133769ydpd0efe68yiv9830875060ydpec229b12yiv6042439905ydpaffa7e93yiv9335057885ydp58404c76yiv5080478496ydpf9e2778fyiv2819002740\">\n<div class=\"yiv5133243942ydp23aa710eyiv5642806658ydpb632002ayiv3266323700ydpde29511yiv2770997452ydpe24c6319yiv9292133769ydpd0efe68yiv9830875060ydpec229b12yiv6042439905ydpaffa7e93yiv9335057885ydp58404c76yiv5080478496ydpf9e2778fyiv2819002740ydp29d949d1yahoo-style-wrap\">\n<div><span style=\"color: #0000ff;\"><span style=\"font-size: x-large;\">\u00a0 \u00a0 \u00a0 Chi nh\u00e1nh Vi\u1ec7t Ng\u1eef PH\u1ee4NG S\u1ef0 CH\u00c2N L\u00dd thu\u1ed9c h\u1ed9i Th\u00f4ng Thi\u00ean H\u1ecdc Hoa K\u1ef3 &amp; Th\u1ebf Gi\u1edbi s\u1ebd t\u1ed5 ch\u1ee9c bu\u1ed5i h\u1ecdc\u00a0<\/span><span style=\"font-size: x-large;\">Minh Tri\u1ebft Thi\u00eang Li\u00eang \u0111\u1ea7u n\u0103m Qu\u00fd M\u00e3o\u00a0<\/span>v\u00e0o ng\u00e0y\u00a0Ch\u00faa Nh\u1eadt 29 th\u00e1ng 1, 2023\u00a0t\u1eeb 10AM\u00a0(gi\u1edd mi\u1ec1n T\u00e2y Hoa K\u1ef3) v\u00e0 ti\u1ec7c T\u00e2n Ni\u00ean t\u1ea1i ph\u00f2ng h\u1ecdp chi b\u1ed9.<\/span><\/div>\n<div dir=\"ltr\"><span style=\"color: #0000ff;\">\u00a0 \u00a0 \u00a0\u0110\u1ec1 t\u00e0i: 7 Nguy\u00ean L\u00fd C\u1ee7a Con Ng\u01b0\u1eddi, TTV: Ch\u00e1nh Hu\u1ef3nh<\/span><\/div>\n<div><span style=\"font-size: x-large; color: #0000ff;\">\u00a0 \u00a0 \u00a0K\u00ednh m\u1eddi t\u1ea5t c\u1ea3 h\u1ed9i vi\u00ean v\u00e0 c\u1ea3m t\u00ecnh vi\u00ean h\u1ed9i TTH tham d\u1ef1 \u0111\u00f4ng \u0111\u1ee7.\u00a0<\/span><\/div>\n<div><span style=\"color: #0000ff;\"><span style=\"font-size: x-large;\">\u00a0 \u00a0 \u00a0C\u00e1c b\u1ea1n \u1edf xa kh\u00f4ng ti\u1ec7n\u00a0<\/span>\u0111\u1ebfn tham d\u1ef1 tr\u1ef1c ti\u1ebfp, c\u00f3 th\u1ec3 tham d\u1ef1 qua\u00a0h\u1ec7 th\u1ed1ng zoom:\u00a0<\/span><\/div>\n<div>\n<div>\n<p><a href=\"https:\/\/www.google.com\/url?q=https%3A%2F%2Fus02web.zoom.us%2Fj%2F81260728082%3Fpwd%3DSWVBT0pXemFvT2NRWW9QTlJFUEVIUT09&amp;sa=D&amp;ust=1626908249205000&amp;usg=AOvVaw3b9Fid1Wvq5BczH70RGrgY\" target=\"_blank\" rel=\"nofollow noopener noreferrer\">https:\/\/us02web.zoom.us\/j\/81260728082?pwd=SWVBT0pXemFvT2NRWW9QTlJFUEVIUT09<\/a><\/p>\n<p dir=\"ltr\">Meeting ID: 812 6072 8082, Passcode: 573007<\/p>\n<div>\n<div>\n<div dir=\"ltr\">\u00a0 \u00a0 \u00a0C\u00e1c b\u1ea1n c\u00f3 \u00fd ki\u1ebfn \u0111\u00f3ng g\u00f3p ho\u1eb7c c\u00e2u h\u1ecfi li\u00ean quan \u0111\u1ebfn \u0111\u1ec1 t\u00e0i,\u00a0xin\u00a0g\u1edfi\u00a0s\u1edbm v\u1ec1 chi b\u1ed9, \u0111\u1ec3 ch\u00fang t\u00f4i ti\u1ec7n s\u1eafp x\u1ebfp trong gi\u1edd th\u1ea3o lu\u1eadn.<\/div>\n<div dir=\"ltr\">\n<div class=\"yiv5133243942ydp23aa710eyiv5642806658ydpb632002ayiv3266323700ydpb1996f35page\" dir=\"ltr\" title=\"Page 1\"><img alt=\"page1image14681936\" \/><\/div>\n<\/div>\n<div dir=\"ltr\"><img alt=\"page1image14681936\" \/>\u00a0 \u00a0 \u00a0Th\u00e2n ch\u00fac t\u1ea5t c\u1ea3 n\u0103m m\u1edbi v\u1ea1n s\u1ef1 nh\u01b0 \u00fd, m\u1ea1nh ti\u1ebfn tr\u00ean \u0111\u01b0\u1eddng Ph\u1ee5ng S\u1ef1 Ch\u00e2n L\u00fd.<\/div>\n<div dir=\"ltr\">\n<div class=\"yiv5133243942ydp882fa4e6page\" title=\"Page 1\"><\/div>\n<\/div>\n<\/div>\n<\/div>\n<\/div>\n<\/div>\n<\/div>\n<\/div>\n<\/div>\n<\/div>\n<\/div>\n<\/div>\n<\/div>\n<\/div>\n<\/div>\n<\/div>\n<\/div>\n<div class=\"yiv5133243942ydp23aa710eyiv5642806658ydpb632002ayiv3266323700ydpde29511yiv2770997452ydpe24c6319yiv9292133769ydp5b990dd8signature\"><span style=\"color: #0000ff; font-size: x-large;\">Th\u00e2n m\u1ebfn,<br \/>\n<\/span><\/div>\n<\/div>\n<\/div>\n<\/div>\n<\/div>\n<\/div>\n<\/div>\n<\/div>\n<\/div>\n<\/div>\n<\/div>\n<\/div>\n<\/div>\n<\/div>\n<\/div>\n<div class=\"yiv3188304771ydp1cac9d70signature\">\n<div><span style=\"font-size: x-large; color: #0000ff;\">Thanh Nguy\u1ec5n<\/span><\/div>\n<div><span style=\"font-size: x-large; color: #0000ff;\">Tel: 714-425-4584<\/span><\/div>\n<div><\/div>\n<pre><span style=\"font-size: x-large;\">Webpage:\u00a0<a class=\"yiv3188304771\" href=\"http:\/\/thongthienhocvn.theosophical.org\/\" target=\"_blank\" rel=\"nofollow noopener noreferrer\">http:\/\/thongthienhocvn.theosophical.org<\/a><\/span><\/pre>\n<\/div>\n<div><\/div>\n<div>\n<div dir=\"ltr\" data-smartmail=\"gmail_signature\">\n<div dir=\"ltr\"><\/div>\n<\/div>\n<\/div>\n<\/div>\n<\/div>\n<\/div>\n<\/div>\n<\/div>\n<\/div>\n<\/div>\n","protected":false},"excerpt":{"rendered":"<p>\u00a0 \u00a0 \u00a0 \u00a0 \u00a0 \u00a0 \u00a0 \u00a0 \u00a0 \u00a0 \u00a0 H\u1ed8I TH\u00d4NG THI\u00caN H\u1eccC HOA K\u1ef2\u00a0 \u00a0 \u00a0 Chi nh\u00e1nh Vi\u1ec7t Ng\u1eef PH\u1ee4NG S\u1ef0 CH\u00c2N L\u00dd \u00a0 \u00a0 \u00a0\u00a0Garden Grove, California 714-280-3365\u00a0 \u00a0 \u00a0 \u00a0TH\u00d4NG B\u00c1O M\u1edcI H\u1eccP \u00a0 \u00a0 \u00a0 Chi nh\u00e1nh Vi\u1ec7t Ng\u1eef PH\u1ee4NG S\u1ef0 CH\u00c2N L\u00dd thu\u1ed9c h\u1ed9i Th\u00f4ng Thi\u00ean H\u1ecdc &hellip; <a href=\"https:\/\/www.thongthienhocvn.theosophical.org\/?page_id=199\" class=\"more-link\">Continue reading <span class=\"screen-reader-text\">T\/T- Ph\u1ee5ng S\u1ef1 Ch\u00e2n L\u00fd<\/span> <span class=\"meta-nav\">&rarr;<\/span><\/a><\/p>\n","protected":false},"author":2,"featured_media":0,"parent":0,"menu_order":0,"comment_status":"closed","ping_status":"open","template":"","meta":{"footnotes":""},"class_list":["post-199","page","type-page","status-publish","hentry"],"_links":{"self":[{"href":"https:\/\/www.thongthienhocvn.theosophical.org\/index.php?rest_route=\/wp\/v2\/pages\/199","targetHints":{"allow":["GET"]}}],"collection":[{"href":"https:\/\/www.thongthienhocvn.theosophical.org\/index.php?rest_route=\/wp\/v2\/pages"}],"about":[{"href":"https:\/\/www.thongthienhocvn.theosophical.org\/index.php?rest_route=\/wp\/v2\/types\/page"}],"author":[{"embeddable":true,"href":"https:\/\/www.thongthienhocvn.theosophical.org\/index.php?rest_route=\/wp\/v2\/users\/2"}],"replies":[{"embeddable":true,"href":"https:\/\/www.thongthienhocvn.theosophical.org\/index.php?rest_route=%2Fwp%2Fv2%2Fcomments&post=199"}],"version-history":[{"count":124,"href":"https:\/\/www.thongthienhocvn.theosophical.org\/index.php?rest_route=\/wp\/v2\/pages\/199\/revisions"}],"predecessor-version":[{"id":1625,"href":"https:\/\/www.thongthienhocvn.theosophical.org\/index.php?rest_route=\/wp\/v2\/pages\/199\/revisions\/1625"}],"wp:attachment":[{"href":"https:\/\/www.thongthienhocvn.theosophical.org\/index.php?rest_route=%2Fwp%2Fv2%2Fmedia&parent=199"}],"curies":[{"name":"wp","href":"https:\/\/api.w.org\/{rel}","templated":true}]}}