{"id":7,"date":"2013-10-27T12:44:34","date_gmt":"2013-10-27T17:44:34","guid":{"rendered":"http:\/\/thongthienhoctx.theosophical.org\/?page_id=7"},"modified":"2019-07-17T09:14:30","modified_gmt":"2019-07-17T14:14:30","slug":"ve-trang-nay","status":"publish","type":"page","link":"https:\/\/www.thongthienhocvn.theosophical.org\/?page_id=7","title":{"rendered":"H\u1ed9i Th\u00f4ng Thi\u00ean H\u1ecdc"},"content":{"rendered":"<p style=\"text-align: center;\"><strong>GI\u1edaI THI\u1ec6U V\u1ec0 H\u1ed8I\u00a0\u00a0<\/strong><\/p>\n<p>\u00a0\u00a0\u00a0\u00a0 H\u1ed9i Th\u00f4ng Thi\u00ean H\u1ecdc \u0111\u01b0\u1ee3c th\u00e0nh l\u1eadp t\u1ea1i New York ng\u00e0y 17 &#8211; 11 &#8211; 1875. H\u1ed9i l\u00e0 t\u1ed5 ch\u1ee9c phi ch\u00ednh tr\u1ecb, kh\u00f4ng thu\u1ed9c t\u00f4n gi\u00e1o n\u00e0o v\u00e0 kh\u00f4ng c\u00f3 t\u00edn \u0111i\u1ec1u.<\/p>\n<p align=\"center\"><a href=\"http:\/\/thongthienhocvn.theosophical.org\/wp-content\/uploads\/2017\/02\/Ba-m\u1ee5c-\u0111\u00edch-TTH.jpg\" target=\"_blank\" rel=\"noopener noreferrer\">Ba m\u1ee5c \u0111\u00edch c\u1ee7a H\u1ed9i l\u00e0:<\/a><\/p>\n<p><strong>1. T\u1ea1o m\u1ed9t t\u00ecnh huynh \u0111\u1ec7 \u0111\u1ea1i \u0111\u1ed3ng, kh\u00f4ng ph\u00e2n bi\u1ec7t ch\u1ee7ng t\u1ed9c, t\u00edn ng\u01b0\u1ee1ng, ph\u00e1i t\u00ednh, giai c\u1ea5p hay m\u00e0u da. <\/strong><br \/>\n<strong> 2. Khuy\u1ebfn kh\u00edch vi\u1ec7c h\u1ecdc h\u1ecfi v\u00e0 \u0111\u1ed1i chi\u1ebfu T\u00f4n Gi\u00e1o, Tri\u1ebft L\u00fd v\u00e0 Khoa H\u1ecdc. <\/strong><br \/>\n<strong> 3. Nghi\u00ean c\u1ee9u nh\u1eefng \u0111\u1ecbnh lu\u1eadt thi\u00ean nhi\u00ean ch\u01b0a gi\u1ea3i th\u00edch \u0111\u01b0\u1ee3c v\u00e0 nh\u1eefng quy\u1ec1n n\u0103ng \u1ea9n t\u00e0ng trong con ng\u01b0\u1eddi.<\/strong><\/p>\n<p>H\u1ed9i Th\u00f4ng Thi\u00ean H\u1ecdc g\u1ed3m nh\u1eefng ng\u01b0\u1eddi nghi\u00ean c\u1ee9u h\u1ecdc h\u1ecfi Minh Tri\u1ebft Thi\u00eang Li\u00eang , h\u1ecd c\u00f3 th\u1ec3 theo m\u1ed9t t\u00f4n gi\u00e1o n\u00e0o \u0111\u00f3 tr\u00ean th\u1ebf gi\u1edbi m\u00e0 c\u0169ng c\u00f3 th\u1ec3 kh\u00f4ng thu\u1ed9c m\u1ed9t t\u00f4n gi\u00e1o n\u00e0o; \u0111i\u1ec3m chung c\u1ee7a m\u1ecdi h\u1ed9i vi\u00ean l\u00e0 t\u1ea5t c\u1ea3 ch\u1ea5p thu\u1eadn ba m\u1ee5c \u0111\u00edch c\u1ee7a h\u1ed9i, mong \u01b0\u1edbc lo\u1ea1i b\u1ecf nh\u1eefng t\u1ecb hi\u1ec1m gi\u1eefa c\u00e1c t\u00f4n gi\u00e1o v\u00e0 n\u1ed1i k\u1ebft nh\u1eefng ai c\u00f3 thi\u1ec7n ch\u00ed l\u1ea1i v\u1edbi nhau b\u1ea5t k\u1ec3 quan ni\u1ec7m ri\u00eang v\u1ec1 t\u00f4n gi\u00e1o c\u1ee7a m\u1ed7i ng\u01b0\u1eddi,\u00a0 mu\u1ed1n h\u1ecdc h\u1ecfi ch\u00e2n l\u00fd trong c\u00e1c t\u00f4n gi\u00e1o v\u00e0 chia s\u1ebb k\u1ebft qu\u1ea3 h\u1ecdc h\u1ecfi \u0111\u01b0\u1ee3c c\u1ee7a h\u1ecd v\u1edbi ng\u01b0\u1eddi kh\u00e1c. M\u1ed1i li\u00ean k\u1ebft h\u1ecd v\u1edbi nhau kh\u00f4ng ph\u1ea3i l\u00e0 v\u00ec c\u00f3 chung m\u1ed9t \u0111\u1ee9c tin, m\u00e0 c\u00f3 chung s\u1ef1 t\u00ecm ki\u1ebfm v\u00e0 \u01b0\u1edbc v\u1ecdng \u0111\u1ea1t \u0111\u01b0\u1ee3c Ch\u00e2n l\u00fd. H\u1ecd tin t\u01b0\u1edfng r\u1eb1ng Ch\u00e2n l\u00fd c\u00f3 th\u1ec3 t\u00ecm \u0111\u01b0\u1ee3c b\u1eb1ng vi\u1ec7c h\u1ecdc h\u1ecfi, suy ng\u1eabm, s\u1ed1ng \u0111\u1eddi trong s\u1ea1ch, hi\u1ebfn m\u00ecnh cho nh\u1eefng l\u00fd t\u01b0\u1edfng cao c\u1ea3, v\u00e0 h\u1ecd xem Ch\u00e2n l\u00fd nh\u01b0 l\u00e0 th\u00e0nh qu\u1ea3 \u0111\u00e1ng n\u1ed7 l\u1ef1c \u0111\u1ec3 \u0111\u1ea1t t\u1edbi, m\u00e0 kh\u00f4ng ph\u1ea3i l\u00e0 gi\u00e1o \u0111i\u1ec1u do m\u1ed9t th\u1ea9m quy\u1ec1n n\u00e0o \u00e1p \u0111\u1eb7t. H\u1ecd cho r\u1eb1ng ni\u1ec1m tin c\u1ea7n l\u00e0 k\u1ebft qu\u1ea3 c\u1ee7a vi\u1ec7c h\u1ecdc h\u1ecfi ri\u00eang c\u1ee7a c\u00e1 nh\u00e2n hay nh\u1edd tr\u1ef1c gi\u00e1c, v\u00e0 kh\u00f4ng ph\u1ea3i l\u00e0 c\u00e1i \u0111\u1eb7t \u0111\u1ec3 tr\u01b0\u1edbc ti\u00ean cho nh\u1eefng \u0111i\u1ec1u n\u00e0y, c\u0169ng nh\u01b0 n\u00f3 ph\u1ea3i d\u1ef1a tr\u00ean hi\u1ec3u bi\u1ebft m\u00e0 kh\u00f4ng d\u1ef1a tr\u00ean s\u1ef1 kh\u1eb3ng \u0111\u1ecbnh. H\u1ed9i vi\u00ean c\u00f3 s\u1ef1 khoan h\u00f2a v\u1edbi t\u1ea5t c\u1ea3 m\u1ecdi ng\u01b0\u1eddi, ngay c\u1ea3 v\u1edbi ai kh\u00f4ng khoan h\u00f2a. H\u1ecd coi \u0111\u00f3 kh\u00f4ng l\u00e0 \u0111\u1eb7c \u00e2n ban ph\u00e1t m\u00e0 nh\u01b0 l\u00e0 b\u1ed5n ph\u1eadn ph\u1ea3i l\u00e0m, v\u00e0 h\u1ecd t\u00ecm c\u00e1ch gi\u1ea3i tr\u1eeb s\u1ef1 v\u00f4 minh thay v\u00ec tr\u1eebng ph\u1ea1t n\u00f3. H\u1ed9i vi\u00ean xem m\u1ed7i t\u00f4n gi\u00e1o nh\u01b0 l\u00e0 m\u1ed9t c\u00e1ch bi\u1ec3u l\u1ed9 c\u1ee7a\u00a0 Minh Tri\u1ebft Thi\u00eang Li\u00eang v\u00e0 quan t\u00e2m \u0111\u1ebfn vi\u1ec7c h\u1ecdc h\u1ecfi m\u1ed7i t\u00f4n gi\u00e1o h\u01a1n l\u00e0 l\u00ean \u00e1n n\u00f3, th\u1ef1c h\u00e0nh n\u00f3 h\u01a1n l\u00e0 truy\u1ec1n \u0111\u1ea1o.\u00a0 Ti\u00eau ng\u1eef c\u1ee7a h\u1ecd l\u00e0 B\u00ecnh An, c\u0169ng nh\u01b0 m\u1ee5c ti\u00eau c\u1ee7a h\u1ecd l\u00e0 Ch\u00e2n L\u00fd.<\/p>\n<p align=\"center\"><strong>H\u1ed9i Th\u00f4ng Thi\u00ean H\u1ecdc\u00a0 qu\u1ed1c t\u1ebf (Adyar):<\/strong><br \/>\n<strong>Ch\u00e1nh H\u1ed9i Tr\u01b0\u1edfng \u0111\u01b0\u01a1ng nhi\u1ec7m: <a href=\"http:\/\/thongthienhocvn.theosophical.org\/wp-content\/uploads\/2016\/07\/Presidents.jpg\" target=\"_blank\" rel=\"noopener noreferrer\">\u00d4ng Tim Boyd<\/a>.<\/strong><br \/>\n<strong>Ph\u00f3 H\u1ed9i Tr\u01b0\u1edfng :\u00a0\u00d4ng Chittaranjan Satapathy<\/strong><br \/>\n<strong>Th\u01b0 K\u00fd: B\u00e0 Marja Artamaa<\/strong><\/p>\n<p><strong>\u00a0\u00a0\u00a0\u00a0\u00a0\u00a0\u00a0\u00a0\u00a0\u00a0\u00a0\u00a0\u00a0\u00a0\u00a0\u00a0\u00a0\u00a0\u00a0\u00a0\u00a0\u00a0\u00a0\u00a0\u00a0\u00a0\u00a0\u00a0\u00a0\u00a0\u00a0\u00a0\u00a0\u00a0\u00a0\u00a0\u00a0\u00a0\u00a0\u00a0\u00a0\u00a0\u00a0\u00a0\u00a0\u00a0\u00a0\u00a0\u00a0\u00a0\u00a0\u00a0\u00a0\u00a0\u00a0\u00a0\u00a0\u00a0\u00a0\u00a0\u00a0\u00a0\u00a0\u00a0\u00a0\u00a0\u00a0\u00a0\u00a0\u00a0\u00a0\u00a0\u00a0\u00a0\u00a0\u00a0\u00a0\u00a0\u00a0\u00a0\u00a0\u00a0\u00a0\u00a0 ******** <\/strong><\/p>\n<p align=\"center\"><strong>H\u1ed9i Th\u00f4ng Thi\u00ean H\u1ecdc Vi\u1ec7t Nam th\u00e0nh l\u1eadp n\u0103m 1952.<\/strong><br \/>\n<strong>Mu\u1ed1n gia nh\u1eadp h\u1ed9i , b\u1ea1n ch\u1ec9 c\u1ea7n th\u1eeba nh\u1eadn m\u1ee5c \u0111\u00edch th\u1ee9 nh\u1ea5t, v\u00e0 xin li\u00ean l\u1ea1c v\u1edbi h\u1ed9i n\u01a1i qu\u1ed1c gia c\u01b0 ng\u1ee5 hay b\u1ea5t c\u1ee9 h\u1ed9i vi\u00ean n\u00e0o b\u1ea1n bi\u1ebft.<\/strong><\/p>\n<p align=\"center\"><strong>Mu\u1ed1n bi\u1ebft th\u00eam chi ti\u1ebft xin li\u00ean l\u1ea1c:<\/strong><\/p>\n<p align=\"center\"><strong>&#8211; H\u1ed9i qu\u1ed1c t\u1ebf (Adyar)<\/strong>\u00a0\u00a0\u00a0\u00a0\u00a0\u00a0\u00a0\u00a0\u00a0\u00a0\u00a0\u00a0\u00a0\u00a0\u00a0\u00a0\u00a0\u00a0\u00a0\u00a0\u00a0\u00a0\u00a0\u00a0\u00a0\u00a0\u00a0\u00a0\u00a0\u00a0\u00a0 \u00a0 \u00a0 \u00a0 \u00a0 \u00a0\u00a0 \u00a0\u00a0\u00a0\u00a0\u00a0\u00a0\u00a0\u00a0\u00a0\u00a0\u00a0\u00a0\u00a0<strong>\u00a0H\u1ed9i t\u1ea1i Hoa K\u1ef3<\/strong><br \/>\n<strong>Adyar, Chennai 600020, India.<\/strong>\u00a0 \u00a0\u00a0 \u00a0 \u00a0 \u00a0 \u00a0 \u00a0 \u00a0 \u00a0 \u00a0 \u00a0 \u00a0 \u00a0 \u00a0 \u00a0<strong>\u00a01926 N Main st\u00a0<\/strong><br \/>\n<strong>Phone: 91-44-24912815<\/strong>\u00a0\u00a0\u00a0\u00a0\u00a0\u00a0\u00a0 \u00a0 \u00a0 \u00a0 \u00a0 \u00a0 \u00a0 \u00a0 \u00a0 \u00a0 \u00a0 \u00a0\u00a0 \u00a0 <strong>P.o Box 270 Wheaton IL 60187<\/strong><br \/>\n<strong>Email: intl.hq@ts-adyar.org<\/strong>\u00a0\u00a0\u00a0 \u00a0 \u00a0 \u00a0 \u00a0 \u00a0 \u00a0 \u00a0 \u00a0 \u00a0 \u00a0\u00a0 \u00a0 \u00a0 \u00a0 \u00a0 \u00a0 \u00a0 \u00a0 \u00a0 <strong>Phone: 630-668-1571<\/strong><br \/>\n<strong>Website:<a href=\"http:\/\/www.tsadyar.org\"> www.ts-adyar.org\u00a0\u00a0\u00a0<\/a>\u00a0 \u00a0 \u00a0 \u00a0 \u00a0 \u00a0 \u00a0 Website: <a href=\"http:\/\/theosophical.org\">www.theosophical.org<\/a><br \/>\n<\/strong><\/p>\n<p align=\"center\"><strong>&#8211; C\u00e1c nh\u00f3m h\u1ed9i vi\u00ean VN t\u1ea1i h\u1ea3i ngo\u1ea1i.<\/strong><\/p>\n<p align=\"center\">* Chi B\u1ed9 &#8220;<a title=\"Ph\u1ee5ng s\u1ef1 Ch\u00e2n L\u00fd\" href=\"http:\/\/thongthienhocvn.theosophical.org\/wp-content\/uploads\/2013\/12\/TH\u0102M-CHI-B\u1ed8-PH\u1ee4NG-S\u1ef0-CH\u00c2N-L\u00dd.pdf\" target=\"_blank\" rel=\"noopener noreferrer\"><strong>PH\u1ee4NG S\u1ef0 CH\u00c2N L\u00dd<\/strong><\/a>&#8220;:\u00a0 9021 Sherlock cir\u00a0\u00a0 Garden Grove,<\/p>\n<p align=\"center\">\u00a0 \u00a0 \u00a0 \u00a0 \u00a0 \u00a0 \u00a0 \u00a0 \u00a0 \u00a0 \u00a0 \u00a0 \u00a0 \u00a0 \u00a0 \u00a0 \u00a0 \u00a0 \u00a0 \u00a0 \u00a0 \u00a0 \u00a0 \u00a0 \u00a0 \u00a0 \u00a0 \u00a0 \u00a0 \u00a0 CA 92841. U.S.A<\/p>\n<p align=\"center\">* T\u1ea1p ch\u00ed &#8220;<a href=\"http:\/\/phungsutheosophia.org\/Web%20pages\/hoitth.html\" target=\"_blank\" rel=\"noopener noreferrer\"><strong>PH\u1ee4NG S\u1ef0 THEOSOPHIA<\/strong><\/a>&#8221; : 3221 22nd Ave. NE\u00a0 Naples,<\/p>\n<p align=\"center\">\u00a0 \u00a0 \u00a0 \u00a0 \u00a0 \u00a0 \u00a0 \u00a0 \u00a0 \u00a0 \u00a0 \u00a0 \u00a0 \u00a0 \u00a0 \u00a0 \u00a0 \u00a0 \u00a0 \u00a0 \u00a0 \u00a0 \u00a0 \u00a0 \u00a0 \u00a0 \u00a0 \u00a0 \u00a0 \u00a0 \u00a0 \u00a0 FL 34120. U.S.A.<\/p>\n<p align=\"center\">\u00a0* Nh\u00f3m &#8220;<a title=\"C\u00f9ng nhau h\u1ecdc h\u1ecfi\" href=\"http:\/\/thongthienhocvn.theosophical.org\/wp-content\/uploads\/2013\/10\/C\u00f9ng-Nhau-h\u1ecdc-h\u1ecfi-3.pdf\" target=\"_blank\" rel=\"noopener noreferrer\"><strong>C\u00f9ng Nhau H\u1ecdc H\u1ecfi<\/strong><\/a>&#8221; : 1511 Holbech\u00a0 Channelview,<\/p>\n<p align=\"center\">\u00a0 \u00a0 \u00a0 \u00a0 \u00a0 \u00a0 \u00a0 \u00a0 \u00a0 \u00a0 \u00a0 \u00a0 \u00a0 \u00a0 \u00a0 \u00a0 \u00a0 \u00a0 \u00a0 \u00a0 \u00a0 \u00a0 \u00a0 \u00a0 \u00a0 \u00a0 \u00a0 \u00a0 \u00a0 \u00a0 \u00a0 \u00a0 \u00a0 \u00a0 \u00a0 \u00a0 \u00a0 TX 77530 U.S.A.<\/p>\n<p>&nbsp;<\/p>\n<p>.<\/p>\n<p>&nbsp;<\/p>\n<p>&nbsp;<\/p>\n","protected":false},"excerpt":{"rendered":"<p>GI\u1edaI THI\u1ec6U V\u1ec0 H\u1ed8I\u00a0\u00a0 \u00a0\u00a0\u00a0\u00a0 H\u1ed9i Th\u00f4ng Thi\u00ean H\u1ecdc \u0111\u01b0\u1ee3c th\u00e0nh l\u1eadp t\u1ea1i New York ng\u00e0y 17 &#8211; 11 &#8211; 1875. H\u1ed9i l\u00e0 t\u1ed5 ch\u1ee9c phi ch\u00ednh tr\u1ecb, kh\u00f4ng thu\u1ed9c t\u00f4n gi\u00e1o n\u00e0o v\u00e0 kh\u00f4ng c\u00f3 t\u00edn \u0111i\u1ec1u. Ba m\u1ee5c \u0111\u00edch c\u1ee7a H\u1ed9i l\u00e0: 1. T\u1ea1o m\u1ed9t t\u00ecnh huynh \u0111\u1ec7 \u0111\u1ea1i \u0111\u1ed3ng, kh\u00f4ng ph\u00e2n bi\u1ec7t &hellip; <a href=\"https:\/\/www.thongthienhocvn.theosophical.org\/?page_id=7\" class=\"more-link\">Continue reading <span class=\"screen-reader-text\">H\u1ed9i Th\u00f4ng Thi\u00ean H\u1ecdc<\/span> <span class=\"meta-nav\">&rarr;<\/span><\/a><\/p>\n","protected":false},"author":2,"featured_media":0,"parent":0,"menu_order":0,"comment_status":"closed","ping_status":"open","template":"","meta":{"footnotes":""},"class_list":["post-7","page","type-page","status-publish","hentry"],"_links":{"self":[{"href":"https:\/\/www.thongthienhocvn.theosophical.org\/index.php?rest_route=\/wp\/v2\/pages\/7","targetHints":{"allow":["GET"]}}],"collection":[{"href":"https:\/\/www.thongthienhocvn.theosophical.org\/index.php?rest_route=\/wp\/v2\/pages"}],"about":[{"href":"https:\/\/www.thongthienhocvn.theosophical.org\/index.php?rest_route=\/wp\/v2\/types\/page"}],"author":[{"embeddable":true,"href":"https:\/\/www.thongthienhocvn.theosophical.org\/index.php?rest_route=\/wp\/v2\/users\/2"}],"replies":[{"embeddable":true,"href":"https:\/\/www.thongthienhocvn.theosophical.org\/index.php?rest_route=%2Fwp%2Fv2%2Fcomments&post=7"}],"version-history":[{"count":31,"href":"https:\/\/www.thongthienhocvn.theosophical.org\/index.php?rest_route=\/wp\/v2\/pages\/7\/revisions"}],"predecessor-version":[{"id":1247,"href":"https:\/\/www.thongthienhocvn.theosophical.org\/index.php?rest_route=\/wp\/v2\/pages\/7\/revisions\/1247"}],"wp:attachment":[{"href":"https:\/\/www.thongthienhocvn.theosophical.org\/index.php?rest_route=%2Fwp%2Fv2%2Fmedia&parent=7"}],"curies":[{"name":"wp","href":"https:\/\/api.w.org\/{rel}","templated":true}]}}