{"id":777,"date":"2017-02-11T20:41:19","date_gmt":"2017-02-12T02:41:19","guid":{"rendered":"http:\/\/thongthienhocvn.theosophical.org\/?page_id=777"},"modified":"2019-07-17T09:14:29","modified_gmt":"2019-07-17T14:14:29","slug":"2014-2","status":"publish","type":"page","link":"https:\/\/www.thongthienhocvn.theosophical.org\/?page_id=777","title":{"rendered":"2014"},"content":{"rendered":"<p>Xin m\u1eddi click v\u00e0o link n\u1ea7y \u0111\u1ec3 theo d\u1ecfi c\u00e1c bu\u1ed5i h\u1ecdc t\u1ea1i chi b\u1ed9<\/p>\n<p>Ph\u1ee5ng S\u1ef1 Ch\u00e2n L\u00fd n\u0103m 2014:<\/p>\n<p><a href=\"https:\/\/www.youtube.com\/watch?v=kSoHzxSsnwU&amp;feature=youtu.be\" target=\"_blank\" rel=\"noopener noreferrer\">Th\u00e1ng 1- 2014 ( D\u01b0\u1edbi ch\u00e2n Th\u1ea7y- th\u1ef1c h\u00e0nh t\u1ed5ng qu\u00e1t)<\/a><\/p>\n<p><a href=\"https:\/\/www.youtube.com\/watch?v=CyhIZ4VSrkM&amp;feature=youtu.be\" target=\"_blank\" rel=\"noopener noreferrer\">Th\u00e1ng 2-2014 ( S\u1ef1 t\u1ea1o l\u1eadp c\u00e1c c\u00f5i trong v\u0169 tr\u1ee5<\/a>)<\/p>\n<p><a title=\"PSCL\" href=\"https:\/\/www.youtube.com\/watch?v=21-NwSp_pMo&amp;feature=youtu.be\" target=\"_blank\" rel=\"noopener noreferrer\">L\u1ec5 k\u1ef7 ni\u1ec7m 25 n\u0103m th\u00e0nh l\u1eadp chi b\u1ed9 Ph\u1ee5ng S\u1ef1 Ch\u00e2n L\u00fd<\/a><\/p>\n<p><a href=\"https:\/\/www.youtube.com\/watch?v=UFt55KCGFoE&amp;feature=youtu.be\" target=\"_blank\" rel=\"noopener noreferrer\">Th\u00e1ng 3-2014 ( Con ng\u01b0\u1eddi v\u00e0 c\u00e1c th\u1ec3, s\u01a1 \u00a0l\u01b0\u1ee3c)<\/a><\/p>\n<p><a href=\"https:\/\/www.youtube.com\/watch?v=CsVec_4FScU&amp;feature=youtu.be\" target=\"_blank\" rel=\"noopener noreferrer\">Th\u00e1ng 4-2014 ( T\u00f3m l\u01b0\u1ee3c thuy\u1ebft lu\u00e2n h\u1ed3i)<\/a><\/p>\n<p><a href=\"http:\/\/thongthienhocvn.theosophical.org\/wp-content\/uploads\/2014\/05\/BA-TO-HOA-VA-BA-PHAM-DU.pdf\">Tri \u00e2n B\u00e0 Ng\u00f4 T\u1ed1 Hoa<\/a><\/p>\n<p><a href=\"https:\/\/www.youtube.com\/watch?v=dOgeeklCmOE&amp;feature=youtu.be\" target=\"_blank\" rel=\"noopener noreferrer\">Th\u00e1ng 5-2014 ( C\u1ea7u an, c\u1ea7u si\u00eau t\/t )<\/a><a href=\"https:\/\/www.youtube.com\/watch?v=dOgeeklCmOE&amp;feature=youtu.be\" target=\"_blank\" rel=\"noopener noreferrer\">\u00a0<\/a><\/p>\n<p><a href=\"https:\/\/www.youtube.com\/watch?v=pL-AXgTgN_8&amp;feature=youtu.be\" target=\"_blank\" rel=\"noopener noreferrer\">Th\u00e1ng 6- 2014 (Thi\u1ec1n trong Th\u00f4ng Thi\u00ean H\u1ecdc)<\/a><\/p>\n<p><a href=\"https:\/\/www.youtube.com\/watch?v=Qkp0lMsp8_0&amp;feature=youtu.be\" target=\"_blank\" rel=\"noopener noreferrer\">Th\u00e1ng 6- 2014 ( Lu\u00e2n H\u1ed3i)<\/a><\/p>\n<p><a href=\"https:\/\/www.youtube.com\/watch?v=66dbJ8pdzzg&amp;feature=youtu.be\" target=\"_blank\" rel=\"noopener noreferrer\">Th\u00e1ng 7-2014 (Nh\u00e2n Q\u1ee7a)<\/a><\/p>\n<p><a href=\"https:\/\/www.youtube.com\/watch?v=VRw6fGBIle4&amp;feature=youtu.be\" target=\"_blank\" rel=\"noopener noreferrer\">Th\u00e1ng 8- 2014\u00a0( S\u1ef1 ti\u1ebfn ho\u00e1 trong Th\u00e1i D\u01b0\u01a1ng H\u1ec7)<\/a><\/p>\n<p><a href=\"https:\/\/www.youtube.com\/watch?v=oJC2clQtEmc\" target=\"_blank\" rel=\"noopener noreferrer\">Th\u00e1ng 9-2014\u00a0( S\u1ef1 ti\u1ebfn ho\u00e1 c\u1ee7a v\u1ea1n v\u1eadt)<\/a><\/p>\n<p><a href=\"https:\/\/www.youtube.com\/watch?v=v0AitpohsZo&amp;feature=youtu.be\" target=\"_blank\" rel=\"noopener noreferrer\">Th\u00e1ng 10-2014\u00a0(\u00a0\u0110\u1eddi s\u1ed1ng huy\u1ec1n b\u00ed c\u1ee7a con ng\u01b0\u1eddi)<\/a><\/p>\n<p><a href=\"https:\/\/www.youtube.com\/watch?v=VPF_QJRo4Zk\" target=\"_blank\" rel=\"noopener noreferrer\">Th\u00e1ng 11-2014\u00a0(Th\u1ec3 Ph\u00e1ch)<\/a><\/p>\n<p><a href=\"https:\/\/www.youtube.com\/watch?v=3A4ng6SggCU\" target=\"_blank\" rel=\"noopener noreferrer\">Th\u00e1ng 12- 2014\u00a0( C\u01b0 d\u00e2n C\u00f5i trung gi\u1edbi)<\/a><\/p>\n<p align=\"center\">Chi B\u1ed9 <b>PH\u1ee4NG S\u1ef0 CH\u00c2N L\u00dd<\/b><\/p>\n<p align=\"center\">Nonprofit Organization, CCN# 3579136<\/p>\n<p align=\"center\">Tr\u1ef1c thu\u1ed9c H\u1ed9i Th\u00f4ng Thi\u00ean H\u1ecdc Hoa K\u1ef3 &amp; Th\u1ebf Gi\u1edbi<\/p>\n<p>Th\u00e2n m\u1ebfn,<br \/>\nHi\u1ec7p T\u00f4<br \/>\nTel: 714-462-1696<br \/>\nWeb1: <a href=\"http:\/\/www.theosophical.org\/\" target=\"_blank\" rel=\"noopener noreferrer\">http:\/\/www.theosophical.org<\/a><br \/>\nWeb2: <a href=\"http:\/\/thongthienhocvn.theosophical.org\/\" target=\"_blank\" rel=\"noopener noreferrer\">http:\/\/thongthienhocvn.theosophical.org<\/a><br \/>\nfacebook:<a href=\"https:\/\/www.facebook.com\/pages\/Minh-Tri%E1%BA%BFt-Thi%C3%AAng-Li%C3%AAng\/349113478558436?ref=profile\" target=\"_blank\" rel=\"noopener noreferrer\"> Minh Triet Thieng Lieng<\/a><\/p>\n","protected":false},"excerpt":{"rendered":"<p>Xin m\u1eddi click v\u00e0o link n\u1ea7y \u0111\u1ec3 theo d\u1ecfi c\u00e1c bu\u1ed5i h\u1ecdc t\u1ea1i chi b\u1ed9 Ph\u1ee5ng S\u1ef1 Ch\u00e2n L\u00fd n\u0103m 2014: Th\u00e1ng 1- 2014 ( D\u01b0\u1edbi ch\u00e2n Th\u1ea7y- th\u1ef1c h\u00e0nh t\u1ed5ng qu\u00e1t) Th\u00e1ng 2-2014 ( S\u1ef1 t\u1ea1o l\u1eadp c\u00e1c c\u00f5i trong v\u0169 tr\u1ee5) L\u1ec5 k\u1ef7 ni\u1ec7m 25 n\u0103m th\u00e0nh l\u1eadp chi b\u1ed9 Ph\u1ee5ng S\u1ef1 Ch\u00e2n &hellip; <a href=\"https:\/\/www.thongthienhocvn.theosophical.org\/?page_id=777\" class=\"more-link\">Continue reading <span class=\"screen-reader-text\">2014<\/span> <span class=\"meta-nav\">&rarr;<\/span><\/a><\/p>\n","protected":false},"author":2,"featured_media":0,"parent":0,"menu_order":0,"comment_status":"closed","ping_status":"closed","template":"","meta":{"footnotes":""},"class_list":["post-777","page","type-page","status-publish","hentry"],"_links":{"self":[{"href":"https:\/\/www.thongthienhocvn.theosophical.org\/index.php?rest_route=\/wp\/v2\/pages\/777","targetHints":{"allow":["GET"]}}],"collection":[{"href":"https:\/\/www.thongthienhocvn.theosophical.org\/index.php?rest_route=\/wp\/v2\/pages"}],"about":[{"href":"https:\/\/www.thongthienhocvn.theosophical.org\/index.php?rest_route=\/wp\/v2\/types\/page"}],"author":[{"embeddable":true,"href":"https:\/\/www.thongthienhocvn.theosophical.org\/index.php?rest_route=\/wp\/v2\/users\/2"}],"replies":[{"embeddable":true,"href":"https:\/\/www.thongthienhocvn.theosophical.org\/index.php?rest_route=%2Fwp%2Fv2%2Fcomments&post=777"}],"version-history":[{"count":10,"href":"https:\/\/www.thongthienhocvn.theosophical.org\/index.php?rest_route=\/wp\/v2\/pages\/777\/revisions"}],"predecessor-version":[{"id":1241,"href":"https:\/\/www.thongthienhocvn.theosophical.org\/index.php?rest_route=\/wp\/v2\/pages\/777\/revisions\/1241"}],"wp:attachment":[{"href":"https:\/\/www.thongthienhocvn.theosophical.org\/index.php?rest_route=%2Fwp%2Fv2%2Fmedia&parent=777"}],"curies":[{"name":"wp","href":"https:\/\/api.w.org\/{rel}","templated":true}]}}