{"id":783,"date":"2017-02-11T20:41:42","date_gmt":"2017-02-12T02:41:42","guid":{"rendered":"http:\/\/thongthienhocvn.theosophical.org\/?page_id=783"},"modified":"2019-07-17T09:14:29","modified_gmt":"2019-07-17T14:14:29","slug":"2016-2","status":"publish","type":"page","link":"https:\/\/www.thongthienhocvn.theosophical.org\/?page_id=783","title":{"rendered":"2016"},"content":{"rendered":"<p>Xin m\u1eddi click v\u00e0o link n\u1ea7y \u0111\u1ec3 theo d\u1ecfi c\u00e1c bu\u1ed5i h\u1ecdc t\u1ea1i chi b\u1ed9<\/p>\n<p>Ph\u1ee5ng S\u1ef1 Ch\u00e2n L\u00fd n\u0103m 2016:<\/p>\n<p><a href=\"https:\/\/www.youtube.com\/watch?v=jcEqQIZn7hA&amp;feature=youtu.be\" target=\"_blank\" rel=\"noopener noreferrer\">Bu\u1ed5i h\u1ecdc th\u00e1ng 1-2016\u00a0(S\u1ed1ng an vui, h\u1ea1nh ph\u00fac)<\/a><\/p>\n<p><a href=\"https:\/\/www.youtube.com\/watch?v=NBbPyNuAYWg&amp;feature=youtu.be\" target=\"_blank\" rel=\"noopener noreferrer\">Bu\u1ed5i h\u1ecdc th\u00e1ng 2-2016\u00a0(S\u00f9ng t\u00edn v\u00e0\u00a0\u0111\u1eddi s\u1ed1ng tinh th\u1ea7n)<\/a><\/p>\n<p><a href=\"https:\/\/www.youtube.com\/watch?v=Su-br2mU5Yc\" target=\"_blank\" rel=\"noopener noreferrer\">Bu\u1ed5i h\u1ecdc th\u00e1ng 3-2016\u00a0( Th\u1ea7n nh\u00e3n)<\/a><\/p>\n<p><a href=\"https:\/\/www.youtube.com\/watch?v=MUjl4IeaJlc\" target=\"_blank\" rel=\"noopener noreferrer\">Bu\u1ed5i h\u1ecdc th\u00e1ng 4-2016\u00a0( Hoa v\u00e0 v\u01b0\u1eddn)<\/a><\/p>\n<p><a href=\"https:\/\/www.youtube.com\/watch?v=0BdCs4WP_oU\">Bu\u1ed5i h\u1ecdc th\u00e1ng 5-2016<\/a>\u00a0( S\u1ef1 quan tr\u1ecdng c\u1ee7a h\u1ea1nh ph\u00e2n bi\u1ec7n)<\/p>\n<p><a href=\"https:\/\/www.youtube.com\/watch?v=o9vk3VGASUs&amp;feature=youtu.be\">Bu\u1ed5i h\u1ecdc th\u00e1ng 6-2016<\/a>\u00a0( Chu\u1ea9n b\u1ecb cho c\u00e1i ch\u1ebft)<\/p>\n<p><a href=\"https:\/\/www.youtube.com\/watch?v=Zvh1Bqyos4o&amp;feature=youtu.be\" target=\"_blank\" rel=\"noopener noreferrer\">Bu\u1ed5i h\u1ecdc th\u00e1ng 7-2016<\/a>\u00a0( Tho\u00e1t ki\u1ebfp th\u00fa)<\/p>\n<p><a href=\"https:\/\/www.youtube.com\/watch?v=KI1IXw8jdPQ&amp;feature=youtu.be\" target=\"_blank\" rel=\"noopener noreferrer\">Bu\u1ed5i h\u1ecdc th\u00e1ng 8-2016<\/a>\u00a0( Ch\u1ebft\u00a0\u0111i v\u1ec1\u00a0\u0111\u00e2u)<\/p>\n<p><a href=\"https:\/\/www.youtube.com\/watch?v=9AHpWmeb1dg&amp;feature=youtu.be\" target=\"_blank\" rel=\"noopener noreferrer\">Bu\u1ed5i h\u1ecdc th\u00e1ng 9-2016 (\u00a0S\u1ef1 bi\u1ec3u l\u1ed9 c\u1ee7a Th\u01b0\u1ee3ng\u00a0\u0110\u1ebf 3 Ng\u00f4i)<\/a><\/p>\n<p><a href=\"https:\/\/www.youtube.com\/watch?v=lBDZ96_CgSI&amp;feature=youtu.be\" target=\"_blank\" rel=\"noopener noreferrer\">Bu\u1ed5i h\u1ecdc th\u00e1ng 10-2016<\/a>\u00a0( Duy nh\u1ea5t trong d\u1ecb\u00a0\u0111\u1ea1i\u00a0\u0111\u1ed3ng)<\/p>\n<p><a href=\"https:\/\/www.youtube.com\/watch?v=wYNYE82JJ7I&amp;feature=youtu.be\" target=\"_blank\" rel=\"noopener noreferrer\">Bu\u1ed5i h\u1ecdc th\u00e1ng 11-2016<\/a>\u00a0( Ch\u00e2n ng\u00e3)<\/p>\n<p><a href=\"https:\/\/www.youtube.com\/watch?v=ELYnu6Jv9Ec\" target=\"_blank\" rel=\"noopener noreferrer\">Bu\u1ed5i h\u1ecdc th\u00e1ng \u00a012=2016\u00a0( Ng\u01b0\u1eddi Ph\u1ee5ng S\u1ef1)<\/a><\/p>\n<p align=\"center\">Chi B\u1ed9 <b>PH\u1ee4NG S\u1ef0 CH\u00c2N L\u00dd<\/b><\/p>\n<p align=\"center\">Nonprofit Organization, CCN# 3579136<\/p>\n<p align=\"center\">Tr\u1ef1c thu\u1ed9c H\u1ed9i Th\u00f4ng Thi\u00ean H\u1ecdc Hoa K\u1ef3 &amp; Th\u1ebf Gi\u1edbi<\/p>\n<p>Th\u00e2n m\u1ebfn,<br \/>\nHi\u1ec7p T\u00f4<br \/>\nTel: 714-462-1696<br \/>\nWeb1: <a href=\"http:\/\/www.theosophical.org\/\" target=\"_blank\" rel=\"noopener noreferrer\">http:\/\/www.theosophical.org<\/a><br \/>\nWeb2: <a href=\"http:\/\/thongthienhocvn.theosophical.org\/\" target=\"_blank\" rel=\"noopener noreferrer\">http:\/\/thongthienhocvn.theosophical.org<\/a><br \/>\nfacebook:<a href=\"https:\/\/www.facebook.com\/pages\/Minh-Tri%E1%BA%BFt-Thi%C3%AAng-Li%C3%AAng\/349113478558436?ref=profile\" target=\"_blank\" rel=\"noopener noreferrer\"> Minh Triet Thieng Lieng<\/a><\/p>\n","protected":false},"excerpt":{"rendered":"<p>Xin m\u1eddi click v\u00e0o link n\u1ea7y \u0111\u1ec3 theo d\u1ecfi c\u00e1c bu\u1ed5i h\u1ecdc t\u1ea1i chi b\u1ed9 Ph\u1ee5ng S\u1ef1 Ch\u00e2n L\u00fd n\u0103m 2016: Bu\u1ed5i h\u1ecdc th\u00e1ng 1-2016\u00a0(S\u1ed1ng an vui, h\u1ea1nh ph\u00fac) Bu\u1ed5i h\u1ecdc th\u00e1ng 2-2016\u00a0(S\u00f9ng t\u00edn v\u00e0\u00a0\u0111\u1eddi s\u1ed1ng tinh th\u1ea7n) Bu\u1ed5i h\u1ecdc th\u00e1ng 3-2016\u00a0( Th\u1ea7n nh\u00e3n) Bu\u1ed5i h\u1ecdc th\u00e1ng 4-2016\u00a0( Hoa v\u00e0 v\u01b0\u1eddn) Bu\u1ed5i h\u1ecdc th\u00e1ng 5-2016\u00a0( &hellip; <a href=\"https:\/\/www.thongthienhocvn.theosophical.org\/?page_id=783\" class=\"more-link\">Continue reading <span class=\"screen-reader-text\">2016<\/span> <span class=\"meta-nav\">&rarr;<\/span><\/a><\/p>\n","protected":false},"author":2,"featured_media":0,"parent":0,"menu_order":0,"comment_status":"closed","ping_status":"closed","template":"","meta":{"footnotes":""},"class_list":["post-783","page","type-page","status-publish","hentry"],"_links":{"self":[{"href":"https:\/\/www.thongthienhocvn.theosophical.org\/index.php?rest_route=\/wp\/v2\/pages\/783","targetHints":{"allow":["GET"]}}],"collection":[{"href":"https:\/\/www.thongthienhocvn.theosophical.org\/index.php?rest_route=\/wp\/v2\/pages"}],"about":[{"href":"https:\/\/www.thongthienhocvn.theosophical.org\/index.php?rest_route=\/wp\/v2\/types\/page"}],"author":[{"embeddable":true,"href":"https:\/\/www.thongthienhocvn.theosophical.org\/index.php?rest_route=\/wp\/v2\/users\/2"}],"replies":[{"embeddable":true,"href":"https:\/\/www.thongthienhocvn.theosophical.org\/index.php?rest_route=%2Fwp%2Fv2%2Fcomments&post=783"}],"version-history":[{"count":9,"href":"https:\/\/www.thongthienhocvn.theosophical.org\/index.php?rest_route=\/wp\/v2\/pages\/783\/revisions"}],"predecessor-version":[{"id":1243,"href":"https:\/\/www.thongthienhocvn.theosophical.org\/index.php?rest_route=\/wp\/v2\/pages\/783\/revisions\/1243"}],"wp:attachment":[{"href":"https:\/\/www.thongthienhocvn.theosophical.org\/index.php?rest_route=%2Fwp%2Fv2%2Fmedia&parent=783"}],"curies":[{"name":"wp","href":"https:\/\/api.w.org\/{rel}","templated":true}]}}