{"id":786,"date":"2017-02-11T20:42:03","date_gmt":"2017-02-12T02:42:03","guid":{"rendered":"http:\/\/thongthienhocvn.theosophical.org\/?page_id=786"},"modified":"2019-07-17T09:14:29","modified_gmt":"2019-07-17T14:14:29","slug":"2017-2","status":"publish","type":"page","link":"https:\/\/www.thongthienhocvn.theosophical.org\/?page_id=786","title":{"rendered":"2017"},"content":{"rendered":"<p>Xin m\u1eddi click v\u00e0o link n\u1ea7y \u0111\u1ec3 theo d\u1ecfi c\u00e1c bu\u1ed5i h\u1ecdc t\u1ea1i chi b\u1ed9<\/p>\n<p>Ph\u1ee5ng S\u1ef1 Ch\u00e2n L\u00fd n\u0103m 2017:<\/p>\n<p style=\"text-align: left;\"><a href=\"https:\/\/www.youtube.com\/watch?v=Deqn8kVafhg\" target=\"_blank\" rel=\"noopener noreferrer\">Bu\u1ed5i h\u1ecdc th\u00e1ng \u00a01-2017\u00a0( Khoa t\u00e2m l\u00fd tinh th\u1ea7n)<\/a><\/p>\n<p style=\"text-align: left;\"><a href=\"https:\/\/www.youtube.com\/watch?v=-yAMCV14AeQ&amp;feature=youtu.be\" target=\"_blank\" rel=\"noopener noreferrer\">Bu\u1ed3i h\u1ecdc th\u00e1ng 2-2017 (\u00a0\u0110\u1ee9c Khoan Dung)<\/a><\/p>\n<p style=\"text-align: left;\"><a href=\"https:\/\/www.youtube.com\/watch?v=-eqofM9Z2H8&amp;feature=youtu.be\" target=\"_blank\" rel=\"noopener noreferrer\">Bu\u1ed5i h\u1ecdc th\u00e1ng 3-2017 ( Thi\u00ean Nhi\u00ean Huy\u1ec1n B\u00ed)<\/a><\/p>\n<p style=\"text-align: left;\"><a href=\"https:\/\/www.youtube.com\/watch?v=-GznVXV2QJk&amp;feature=youtu.be\" target=\"_blank\" rel=\"noopener noreferrer\">Bu\u1ed5i h\u1ecdc th\u00e1ng 4-2017 ( Nh\u1ea5tT\u00e2m v\u00e0 L\u00f2ng tin)<\/a><\/p>\n<p style=\"text-align: left;\"><a href=\"https:\/\/www.youtube.com\/watch?v=PBYmL1rDsW0&amp;feature=youtu.be\" target=\"_blank\" rel=\"noopener noreferrer\">Bu\u1ed5i h\u1ecdc th\u00e1ng 5-2017 ( H\u1ed3i gi\u00e1o)<\/a><\/p>\n<p><a href=\"https:\/\/www.youtube.com\/watch?v=MwgWS-mnKFw&amp;feature=youtu.be\" target=\"_blank\" rel=\"noopener noreferrer\">Bu\u1ed5i h\u1ecdc th\u00e1ng 6-2017 Lu\u00e2n H\u1ed3i ( T\u00e1i\u00a0Sinh)<\/a><\/p>\n<p><a href=\"https:\/\/www.youtube.com\/watch?v=sXgcZIJUdOk&amp;feature=youtu.be\" target=\"_blank\" rel=\"noopener noreferrer\">Bu\u1ed5i h\u1ecdc th\u00e1ng 7-2017 ( Ngh\u1ec7 thu\u1eadt tham thi\u1ec1n)<\/a><\/p>\n<p><a href=\"https:\/\/www.youtube.com\/watch?v=F2g46hitprk\" target=\"_blank\" rel=\"noopener noreferrer\">Bu\u1ed5i h\u1ecdc th\u00e1ng 8-2017 ( H\u00ecnh t\u01b0 t\u01b0\u1edfng)<\/a><\/p>\n<p><a href=\"https:\/\/www.youtube.com\/watch?v=QVPiB4CVCeE&amp;feature=youtu.be\" target=\"_blank\" rel=\"noopener noreferrer\">Bu\u1ed5i h\u1ecdc th\u00e1ng \u00a09-2017 (&#8220;Ch\u00e2n Th\u1ea7n &amp; Nguy\u00ean T\u1eed Tr\u01b0\u1eddng T\u1ed3n&#8221;)<\/a><\/p>\n<p><a href=\"https:\/\/www.youtube.com\/watch?v=w5Zoqn3CnyU&amp;feature=youtu.be\" target=\"_blank\" rel=\"noopener noreferrer\">Bu\u1ed5i h\u1ecdc th\u00e1ng 10-2017 ( 7 cung)<\/a><\/p>\n<p><a href=\"https:\/\/www.youtube.com\/watch?v=1wZZyM4hXY0&amp;feature=youtu.be\" target=\"_blank\" rel=\"noopener noreferrer\">Bu\u1ed5i h\u1ecdc th\u00e1ng 11-2017 ( H\u1ea1nh kh\u00f4ng ham mu\u1ed1n)<\/a><\/p>\n<p><a href=\"https:\/\/www.youtube.com\/watch?v=QgM8J9UcOhA&amp;feature=youtu.be\" target=\"_blank\" rel=\"noopener noreferrer\">Bu\u1ed5i h\u1ecdc th\u00e1ng 12-2017 ( L\u1ef1c Nh\u00e2n Q\u1ee7a)<\/a><\/p>\n<p>&nbsp;<\/p>\n<p align=\"center\">Chi B\u1ed9 <b>PH\u1ee4NG S\u1ef0 CH\u00c2N L\u00dd<\/b><\/p>\n<p align=\"center\">Nonprofit Organization, CCN# 3579136<\/p>\n<p align=\"center\">Tr\u1ef1c thu\u1ed9c H\u1ed9i Th\u00f4ng Thi\u00ean H\u1ecdc Hoa K\u1ef3 &amp; Th\u1ebf Gi\u1edbi<\/p>\n<p>Th\u00e2n m\u1ebfn,<br \/>\nHi\u1ec7p T\u00f4<br \/>\nTel: 714-462-1696<br \/>\nWeb1: <a href=\"http:\/\/www.theosophical.org\/\" target=\"_blank\" rel=\"noopener noreferrer\">http:\/\/www.theosophical.org<\/a><br \/>\nWeb2: <a href=\"http:\/\/thongthienhocvn.theosophical.org\/\" target=\"_blank\" rel=\"noopener noreferrer\">http:\/\/thongthienhocvn.theosophical.org<\/a><br \/>\nfacebook:<a href=\"https:\/\/www.facebook.com\/pages\/Minh-Tri%E1%BA%BFt-Thi%C3%AAng-Li%C3%AAng\/349113478558436?ref=profile\" target=\"_blank\" rel=\"noopener noreferrer\"> Minh Triet Thieng Lieng<\/a><\/p>\n","protected":false},"excerpt":{"rendered":"<p>Xin m\u1eddi click v\u00e0o link n\u1ea7y \u0111\u1ec3 theo d\u1ecfi c\u00e1c bu\u1ed5i h\u1ecdc t\u1ea1i chi b\u1ed9 Ph\u1ee5ng S\u1ef1 Ch\u00e2n L\u00fd n\u0103m 2017: Bu\u1ed5i h\u1ecdc th\u00e1ng \u00a01-2017\u00a0( Khoa t\u00e2m l\u00fd tinh th\u1ea7n) Bu\u1ed3i h\u1ecdc th\u00e1ng 2-2017 (\u00a0\u0110\u1ee9c Khoan Dung) Bu\u1ed5i h\u1ecdc th\u00e1ng 3-2017 ( Thi\u00ean Nhi\u00ean Huy\u1ec1n B\u00ed) Bu\u1ed5i h\u1ecdc th\u00e1ng 4-2017 ( Nh\u1ea5tT\u00e2m v\u00e0 L\u00f2ng tin) &hellip; <a href=\"https:\/\/www.thongthienhocvn.theosophical.org\/?page_id=786\" class=\"more-link\">Continue reading <span class=\"screen-reader-text\">2017<\/span> <span class=\"meta-nav\">&rarr;<\/span><\/a><\/p>\n","protected":false},"author":2,"featured_media":0,"parent":0,"menu_order":0,"comment_status":"closed","ping_status":"closed","template":"","meta":{"footnotes":""},"class_list":["post-786","page","type-page","status-publish","hentry"],"_links":{"self":[{"href":"https:\/\/www.thongthienhocvn.theosophical.org\/index.php?rest_route=\/wp\/v2\/pages\/786","targetHints":{"allow":["GET"]}}],"collection":[{"href":"https:\/\/www.thongthienhocvn.theosophical.org\/index.php?rest_route=\/wp\/v2\/pages"}],"about":[{"href":"https:\/\/www.thongthienhocvn.theosophical.org\/index.php?rest_route=\/wp\/v2\/types\/page"}],"author":[{"embeddable":true,"href":"https:\/\/www.thongthienhocvn.theosophical.org\/index.php?rest_route=\/wp\/v2\/users\/2"}],"replies":[{"embeddable":true,"href":"https:\/\/www.thongthienhocvn.theosophical.org\/index.php?rest_route=%2Fwp%2Fv2%2Fcomments&post=786"}],"version-history":[{"count":26,"href":"https:\/\/www.thongthienhocvn.theosophical.org\/index.php?rest_route=\/wp\/v2\/pages\/786\/revisions"}],"predecessor-version":[{"id":1244,"href":"https:\/\/www.thongthienhocvn.theosophical.org\/index.php?rest_route=\/wp\/v2\/pages\/786\/revisions\/1244"}],"wp:attachment":[{"href":"https:\/\/www.thongthienhocvn.theosophical.org\/index.php?rest_route=%2Fwp%2Fv2%2Fmedia&parent=786"}],"curies":[{"name":"wp","href":"https:\/\/api.w.org\/{rel}","templated":true}]}}